{"id":357,"date":"2022-04-12T09:33:09","date_gmt":"2022-04-12T09:33:09","guid":{"rendered":"https:\/\/mozga.at\/?page_id=357"},"modified":"2023-11-26T17:45:10","modified_gmt":"2023-11-26T17:45:10","slug":"datenschutzerklaerung","status":"publish","type":"page","link":"https:\/\/mozga.at\/hu\/datenschutzerklaerung\/","title":{"rendered":"Adatv\u00e9delmi szab\u00e1lyzat"},"content":{"rendered":"<div data-elementor-type=\"wp-page\" data-elementor-id=\"357\" class=\"elementor elementor-357\" data-elementor-post-type=\"page\">\n\t\t\t\t\t\t\t\t\t<section class=\"elementor-section elementor-top-section elementor-element elementor-element-14ebde0 elementor-section-boxed elementor-section-height-default elementor-section-height-default\" data-id=\"14ebde0\" data-element_type=\"section\">\n\t\t\t\t\t\t<div class=\"elementor-container elementor-column-gap-default\">\n\t\t\t\t\t<div class=\"elementor-column elementor-col-100 elementor-top-column elementor-element elementor-element-be49b05\" data-id=\"be49b05\" data-element_type=\"column\">\n\t\t\t<div class=\"elementor-widget-wrap elementor-element-populated\">\n\t\t\t\t\t\t\t\t<div class=\"elementor-element elementor-element-abd48a7 elementor-widget elementor-widget-heading\" data-id=\"abd48a7\" data-element_type=\"widget\" data-widget_type=\"heading.default\">\n\t\t\t\t<div class=\"elementor-widget-container\">\n\t\t\t<style>\/*! elementor - v3.17.0 - 08-11-2023 *\/\n.elementor-heading-title{padding:0;margin:0;line-height:1}.elementor-widget-heading .elementor-heading-title[class*=elementor-size-]>a{color:inherit;font-size:inherit;line-height:inherit}.elementor-widget-heading .elementor-heading-title.elementor-size-small{font-size:15px}.elementor-widget-heading .elementor-heading-title.elementor-size-medium{font-size:19px}.elementor-widget-heading .elementor-heading-title.elementor-size-large{font-size:29px}.elementor-widget-heading .elementor-heading-title.elementor-size-xl{font-size:39px}.elementor-widget-heading .elementor-heading-title.elementor-size-xxl{font-size:59px}<\/style><h2 class=\"elementor-heading-title elementor-size-default\">Adatv\u00e9delmi szab\u00e1lyzat<\/h2>\t\t<\/div>\n\t\t\t\t<\/div>\n\t\t\t\t<div class=\"elementor-element elementor-element-7994811 elementor-widget elementor-widget-text-editor\" data-id=\"7994811\" data-element_type=\"widget\" data-widget_type=\"text-editor.default\">\n\t\t\t\t<div class=\"elementor-widget-container\">\n\t\t\t<style>\/*! elementor - v3.17.0 - 08-11-2023 *\/\n.elementor-widget-text-editor.elementor-drop-cap-view-stacked .elementor-drop-cap{background-color:#69727d;color:#fff}.elementor-widget-text-editor.elementor-drop-cap-view-framed .elementor-drop-cap{color:#69727d;border:3px solid;background-color:transparent}.elementor-widget-text-editor:not(.elementor-drop-cap-view-default) .elementor-drop-cap{margin-top:8px}.elementor-widget-text-editor:not(.elementor-drop-cap-view-default) .elementor-drop-cap-letter{width:1em;height:1em}.elementor-widget-text-editor .elementor-drop-cap{float:left;text-align:center;line-height:1;font-size:50px}.elementor-widget-text-editor .elementor-drop-cap-letter{display:inline-block}<\/style>\t\t\t\t<p>Sofern innerhalb des Internetangebotes die M\u00f6glichkeit zur Eingabe pers\u00f6nlicher oder gesch\u00e4ftlicher Daten (E-Mail-Adressen, Namen, Anschriften) besteht, so erfolgt die Preisgabe dieser Daten seitens des Nutzers auf ausdr\u00fccklich freiwilliger Basis. Die Inanspruchnahme und Bezahlung aller angebotenen Dienste ist &#8211; soweit technisch m\u00f6glich und zumutbar &#8211; auch ohne Angabe solcher Daten bzw. unter Angabe anonymisierter Daten oder eines Pseudonyms gestattet. Die Nutzung der im Rahmen des Impressums oder vergleichbarer Angaben ver\u00f6ffentlichten Kontaktdaten wie Postanschriften, Telefon- und Faxnummern sowie E-Mail-Adressen durch Dritte zur \u00dcbersendung von nicht ausdr\u00fccklich angeforderten Informationen ist nicht gestattet. Rechtliche Schritte gegen die Versender von so genannten Spam-Mails bei Verst\u00f6\u00dfen gegen dieses Verbot sind ausdr\u00fccklich vorbehalten.<\/p>\t\t\t\t\t\t<\/div>\n\t\t\t\t<\/div>\n\t\t\t\t<div class=\"elementor-element elementor-element-749ba90 elementor-widget elementor-widget-shortcode\" data-id=\"749ba90\" data-element_type=\"widget\" data-widget_type=\"shortcode.default\">\n\t\t\t\t<div class=\"elementor-widget-container\">\n\t\t\t\t\t<div class=\"elementor-shortcode\"><a href=\"#\" class=\"_brlbs-btn-cookie-preference borlabs-cookie-preference\">Cookie Einstellungen<\/a><\/div>\n\t\t\t\t<\/div>\n\t\t\t\t<\/div>\n\t\t\t\t<div class=\"elementor-element elementor-element-c33e7be elementor-widget elementor-widget-heading\" data-id=\"c33e7be\" data-element_type=\"widget\" data-widget_type=\"heading.default\">\n\t\t\t\t<div class=\"elementor-widget-container\">\n\t\t\t<h2 class=\"elementor-heading-title elementor-size-default\">Datenschutzrechtlich Verantwortlich:<\/h2>\t\t<\/div>\n\t\t\t\t<\/div>\n\t\t\t\t<div class=\"elementor-element elementor-element-23e386f elementor-widget elementor-widget-text-editor\" data-id=\"23e386f\" data-element_type=\"widget\" data-widget_type=\"text-editor.default\">\n\t\t\t\t<div class=\"elementor-widget-container\">\n\t\t\t\t\t\t\t<p>RA Mag. Daniel Mozga<br \/>Rechtsanwalt<\/p><p>Liechtensteinstra\u00dfe 25 | 1090 Wien<\/p><p>T: +43 1 226 10 90<br \/>M: +43 699 812 49945<br \/>E: office@mozga.at<\/p>\t\t\t\t\t\t<\/div>\n\t\t\t\t<\/div>\n\t\t\t\t<div class=\"elementor-element elementor-element-12a1753 elementor-widget elementor-widget-heading\" data-id=\"12a1753\" data-element_type=\"widget\" data-widget_type=\"heading.default\">\n\t\t\t\t<div class=\"elementor-widget-container\">\n\t\t\t<h2 class=\"elementor-heading-title elementor-size-default\">Datenverarbeitungszwecke:<\/h2>\t\t<\/div>\n\t\t\t\t<\/div>\n\t\t\t\t<div class=\"elementor-element elementor-element-dffd9c1 elementor-widget elementor-widget-text-editor\" data-id=\"dffd9c1\" data-element_type=\"widget\" data-widget_type=\"text-editor.default\">\n\t\t\t\t<div class=\"elementor-widget-container\">\n\t\t\t\t\t\t\t<div class=\"fl-row fl-row-full-width fl-row-bg-none fl-node-lnvod8s3jmq4 fl-row-bg-attachment-scroll\" data-node=\"lnvod8s3jmq4\"><div class=\"fl-row-content-wrap\"><div class=\"fl-row-content fl-row-fixed-width fl-node-content\"><div class=\"fl-col-group fl-node-n149o2js6wkd\" data-node=\"n149o2js6wkd\"><div class=\"fl-col fl-node-ndrjo54usm0h\" data-node=\"ndrjo54usm0h\"><div class=\"fl-col-content fl-node-content\"><div class=\"fl-module fl-module-heading fl-node-spz9xct1r8eu\" data-node=\"spz9xct1r8eu\"><div class=\"fl-module-content fl-node-content\"><div class=\"fl-module fl-module-heading fl-node-8df6j5igy3ct\" data-node=\"8df6j5igy3ct\"><div class=\"fl-module-content fl-node-content\"><h3 class=\"fl-heading\"><span class=\"fl-heading-text\">Kontaktformular:<\/span><\/h3><\/div><\/div><div class=\"fl-module fl-module-rich-text fl-node-c1umb6whsg7o\" data-node=\"c1umb6whsg7o\"><div class=\"fl-module-content fl-node-content\"><div class=\"fl-rich-text\"><p>Wenn Sie per Formular auf der Website oder per E-Mail Kontakt mit uns aufnehmen, werden Ihre angegebenen Daten zwecks Bearbeitung der Anfrage und f\u00fcr den Fall von Anschlussfragen sechs Monate bei uns gespeichert. Diese Daten geben wir nicht ohne Ihre Einwilligung weiter.<\/p><\/div><\/div><\/div><div class=\"fl-module fl-module-heading fl-node-m8eza7kj9qfx\" data-node=\"m8eza7kj9qfx\"><div class=\"fl-module-content fl-node-content\"><h3 class=\"fl-heading\"><span class=\"fl-heading-text\">IT-Sicherheit:<\/span><\/h3><\/div><\/div><div class=\"fl-module fl-module-rich-text fl-node-zf27smhtla53\" data-node=\"zf27smhtla53\"><div class=\"fl-module-content fl-node-content\"><div class=\"fl-rich-text\"><p>Beim Besuch dieser Website werden dar\u00fcber hinaus Logfiles gespeichert, welche die IP-Adresse und sonstige Daten zum Zugriff auf die Website enthalten (z. B. Datum, Uhrzeit, UserAgent, Referer). Die Datenverarbeitung erfolgt zeitlich befristet (maximal 30 Tage) und nur zur Absicherung vor DDOS Attacken oder sonstigen Eingriffen in die Funktionalit\u00e4t der Website sowie der allenfalls dahinterliegenden Datenbanksysteme.<\/p><\/div><\/div><\/div><div class=\"fl-module fl-module-heading fl-node-vg7hdu0fqz51\" data-node=\"vg7hdu0fqz51\"><div class=\"fl-module-content fl-node-content\"><h3 class=\"fl-heading\"><span class=\"fl-heading-text\">Informationen zu Cookies:<\/span><\/h3><\/div><\/div><div class=\"fl-module fl-module-rich-text fl-node-hoxa2ufvl7gw\" data-node=\"hoxa2ufvl7gw\"><div class=\"fl-module-content fl-node-content\"><div class=\"fl-rich-text\"><p>Diese Website verwendet so genannte Cookies. Dabei handelt es sich um kleine Textdateien, die mit Hilfe des Browsers auf Ihrem Endger\u00e4t abgelegt werden. Sie richten keinen Schaden an.<br \/>Auf dieser Seite werden sogenannte Session Cookies verwendet. Diese werden beim Aufruf der Website generiert und automatisch wieder gel\u00f6scht. Sie dienen der Wiedererkennung, wenn Sie innerhalb kurzer Zeit dieselbe Website erneut aufrufen, um bereits get\u00e4tigte Voreinstellungen erneut zu ber\u00fccksichtigen. Es werden dabei keinerlei personenbezogene Daten gespeichert oder verarbeitet.<\/p><p>Cookies haben den Zweck, das Website-Angebot nutzerfreundlich zu gestalten. Einige Cookies bleiben auf Ihrem Endger\u00e4t gespeichert, bis Sie diese l\u00f6schen. Sie erm\u00f6glichen es sohin dem Websitebetreiber, Ihren Browser beim n\u00e4chsten Besuch wiederzuerkennen. Wenn Sie dies nicht w\u00fcnschen, so k\u00f6nnen Sie Ihren Browser so einrichten, dass er Sie \u00fcber das Setzen von Cookies informiert und Sie dies nur im Einzelfall erlauben. Bei der Deaktivierung von Cookies kann die Funktionalit\u00e4t der Website jedoch eingeschr\u00e4nkt sein.<\/p><\/div><\/div><\/div><div class=\"fl-module fl-module-heading fl-node-7htmoa4d5i2e\" data-node=\"7htmoa4d5i2e\"><div class=\"fl-module-content fl-node-content\"><h3 class=\"fl-heading\"><span class=\"fl-heading-text\">Google Analytics:<\/span><\/h3><\/div><\/div><div class=\"fl-module fl-module-rich-text fl-node-6xljig8qn092\" data-node=\"6xljig8qn092\"><div class=\"fl-module-content fl-node-content\"><div class=\"fl-rich-text\"><p>Diese Website benutzt Google Analytics, einen Webanalysedienst der Google Inc. (&#8222;Google&#8220;). Google Analytics verwendet sog. &#8222;Cookies&#8220;, Textdateien, die auf Ihrem Computer gespeichert werden und die eine Analyse der Benutzung der Website durch Sie erm\u00f6glichen. Die durch den Cookie erzeugten Informationen \u00fcber Ihre Benutzung dieser Website werden in der Regel an einen Server von Google in den USA \u00fcbertragen und dort gespeichert. Im Falle der Aktivierung der IP-Anonymisierung auf dieser Webseite, wird Ihre IP-Adresse von Google jedoch innerhalb von Mitgliedstaaten der Europ\u00e4ischen Union oder in anderen Vertragsstaaten des Abkommens \u00fcber den Europ\u00e4ischen Wirtschaftsraum zuvor gek\u00fcrzt. Nur in Ausnahmef\u00e4llen wird die volle IP-Adresse an einen Server von Google in den USA \u00fcbertragen und dort gek\u00fcrzt. Die IP-Anonymisierung ist auf dieser Website aktiv. Im Auftrag des Betreibers dieser Website wird Google diese Informationen benutzen, um Ihre Nutzung der Website auszuwerten, um Reports \u00fcber die Websiteaktivit\u00e4ten zusammenzustellen und um weitere mit der Websitenutzung und der Internetnutzung verbundene Dienstleistungen gegen\u00fcber dem Websitebetreiber zu erbringen. Die im Rahmen von Google Analytics von Ihrem Browser \u00fcbermittelte IP-Adresse wird nicht mit anderen Daten von Google zusammengef\u00fchrt. Sie k\u00f6nnen die Speicherung der Cookies durch eine entsprechende Einstellung Ihrer Browser-Software verhindern; wir weisen Sie jedoch darauf hin, dass Sie in diesem Fall gegebenenfalls nicht s\u00e4mtliche Funktionen dieser Website vollumf\u00e4nglich werden nutzen k\u00f6nnen. Sie k\u00f6nnen dar\u00fcber hinaus die Erfassung der durch das Cookie erzeugten und auf Ihre Nutzung der Website bezogenen Daten (inkl. Ihrer IP-Adresse) an Google sowie die Verarbeitung dieser Daten durch Google verhindern, indem Sie das unter dem folgenden Link verf\u00fcgbare Browser-Plugin herunterladen und installieren: <a href=\"http:\/\/tools.google.com\/dlpage\/gaoptout?hl=de\" target=\"_blank\" rel=\"noopener nofollow\">Optout Plugin<\/a>.<\/p><\/div><\/div><\/div><div class=\"fl-module fl-module-heading fl-node-13rigesjn6up\" data-node=\"13rigesjn6up\"><div class=\"fl-module-content fl-node-content\"><h3 class=\"fl-heading\"><span class=\"fl-heading-text\">Social PlugIns<\/span><\/h3><\/div><\/div><div class=\"fl-module fl-module-rich-text fl-node-7qh1vtg63icf\" data-node=\"7qh1vtg63icf\"><div class=\"fl-module-content fl-node-content\"><div class=\"fl-rich-text\"><p>Auf dieser Website werden PlugIns des sozialen Netzwerk Facebook, Facebook Inc., Menlo Park, California, United States, in Form eines \u201eLike-Button\u201c und\/oder des sozialen Netzwerks Google Plus der Google Inc., 1600 Amphitheatre Parkway, Mountain View, CA 94043, United States, in Form eines \u201e+1-Button\u201c integriert. Das Plugin erm\u00f6glicht eine direkte Verbindung zwischen dem Browser des Nutzers und dem Facebook- bzw. Google-Server. Facebook bzw. Google ermitteln so Informationen (insbesondere Datum und Uhrzeit des Website-Aufrufs und sonstige browserbezogene Informationen) des Nutzers auf der Website. Wenn der Nutzer den Facebook \u201eLike-Button\u201c bzw. den Google \u201e+1-Button\u201c anklickt, w\u00e4hrend der Nutzer in seinem Facebook-Account bzw Google-Account eingeloggt ist, ist es Facebook bzw. Google weiters m\u00f6glich, den Besuch auf der Website dem Profil des Nutzers zuzuordnen. Weitergehende Informationen finden Sie <a href=\"https:\/\/www.facebook.com\/help\/186325668085084\" target=\"_blank\" rel=\"noopener nofollow\">hier<\/a> und <a href=\"https:\/\/www.google.com\/intl\/de\/+\/policy\/+1button.html\" target=\"_blank\" rel=\"noopener nofollow\">hier<\/a> . Mit Besuch der Website erkl\u00e4ren Sie sich mit einer derartigen Verwendung Ihrer Nutzer-Informationen ausdr\u00fccklich einverstanden.<\/p><\/div><\/div><\/div><div class=\"fl-module fl-module-heading fl-node-y5guvarko7fj\" data-node=\"y5guvarko7fj\"><div class=\"fl-module-content fl-node-content\"><h3 class=\"fl-heading\"><span class=\"fl-heading-text\">Rechtsgrundlage f\u00fcr die Datenverarbeitung:<\/span><\/h3><\/div><\/div><div class=\"fl-module fl-module-rich-text fl-node-97mwrdk531ft\" data-node=\"97mwrdk531ft\"><div class=\"fl-module-content fl-node-content\"><div class=\"fl-rich-text\"><p>Auf der Website werden Daten ausschlie\u00dflich auf Grundlage der gesetzlichen Bestimmungen (DSGVO, TKG 2003) verarbeitet.<br \/>Die Datenverarbeitung (Webshop, Produktbewertungen, Buchungstool und Nutzeraccount) erfolgt auf Grundlage des Art 6 Abs. 1 lit. b) (Vertragserf\u00fcllungszwecke) DSGVO.<\/p><p>Im Falle des Einsatzes von Analysetools erfolgt die Datenverwendung auf Grundlage des Art 6 Abs. 1 lit f) (berechtigtes Interesse) DSGVO. Das berechtigte Interesse an der Datenverwendung ist die Verbesserung des Webauftritts sowie die Erfolgsmessung von Online-Werbung.<\/p><p>Der Einsatz von IT-Datensicherheitsma\u00dfnahmen erfolgt ebenfalls auf Grundlage des Art 6 Abs. 1 lit f) (berechtigtes Interesse) DSGVO. Das berechtigte Interesse an der Datenverwendung ist die Absicherung der eigenen IT-Systeme.<\/p><p>Der Einsatz von Social-Media-Plugins erfolgt nur nach Einwilligung. Rechtsgrundlage ist daher Art. 6 Abs. 1 lit a) DSGVO. Die Einwilligung ist bei jedem Website-Aufruf erneut zu erteilen.<\/p><\/div><\/div><\/div><div class=\"fl-module fl-module-heading fl-node-jqmfa0vkpe3u\" data-node=\"jqmfa0vkpe3u\"><div class=\"fl-module-content fl-node-content\"><h3 class=\"fl-heading\"><span class=\"fl-heading-text\">Ihre Rechte:<\/span><\/h3><\/div><\/div><div class=\"fl-module fl-module-rich-text fl-node-q3n0idet82gr\" data-node=\"q3n0idet82gr\"><div class=\"fl-module-content fl-node-content\"><div class=\"fl-rich-text\"><p>Ihnen stehen grunds\u00e4tzlich die Rechte auf Auskunft, Berichtigung, L\u00f6schung, Einschr\u00e4nkung der Verarbeitung, Daten\u00fcbertragbarkeit, Widerruf und Widerspruch zu. Wenn Sie glauben, dass die Verarbeitung Ihrer Daten gegen das Datenschutzrecht verst\u00f6\u00dft oder Ihre datenschutzrechtlichen Anspr\u00fcche sonst in einer Weise verletzt worden sind, k\u00f6nnen Sie sich bei der Aufsichtsbeh\u00f6rde beschweren. In \u00d6sterreich ist dies die<br \/>Datenschutzbeh\u00f6rde.<\/p><\/div><\/div><\/div><\/div><\/div><\/div><\/div><\/div><\/div><\/div><\/div><div class=\"fl-row fl-row-full-width fl-row-bg-none fl-node-f43ln75sumgq fl-row-bg-attachment-scroll\" data-node=\"f43ln75sumgq\"><div class=\"fl-row-content-wrap\"><div class=\"fl-row-content fl-row-fixed-width fl-node-content\"><div class=\"fl-col-group fl-node-wfge80vzp49n\" data-node=\"wfge80vzp49n\"><div class=\"fl-col fl-node-9qik1eyg3fdr\" data-node=\"9qik1eyg3fdr\"><div class=\"fl-col-content fl-node-content\"><div class=\"fl-module fl-module-rich-text fl-node-da7vc8e2ty30\" data-node=\"da7vc8e2ty30\"><div class=\"fl-module-content fl-node-content\"><div class=\"fl-rich-text\"><p>\u00a0<\/p><\/div><\/div><\/div><\/div><\/div><\/div><\/div><\/div><\/div>\t\t\t\t\t\t<\/div>\n\t\t\t\t<\/div>\n\t\t\t\t\t<\/div>\n\t\t<\/div>\n\t\t\t\t\t\t\t<\/div>\n\t\t<\/section>\n\t\t\t\t\t\t\t<\/div>","protected":false},"excerpt":{"rendered":"<p>Datenschutzerkl\u00e4rung Sofern innerhalb des Internetangebotes die M\u00f6glichkeit zur Eingabe pers\u00f6nlicher oder gesch\u00e4ftlicher Daten (E-Mail-Adressen, Namen, Anschriften) besteht, so erfolgt die Preisgabe dieser Daten seitens des Nutzers auf ausdr\u00fccklich freiwilliger Basis. Die Inanspruchnahme und Bezahlung aller angebotenen Dienste ist &#8211; soweit technisch m\u00f6glich und zumutbar &#8211; auch ohne Angabe solcher Daten bzw. unter Angabe anonymisierter Daten [&hellip;]<\/p>","protected":false},"author":1,"featured_media":0,"parent":0,"menu_order":0,"comment_status":"closed","ping_status":"closed","template":"","meta":{"inline_featured_image":false,"footnotes":""},"class_list":["post-357","page","type-page","status-publish","hentry"],"_links":{"self":[{"href":"https:\/\/mozga.at\/hu\/wp-json\/wp\/v2\/pages\/357","targetHints":{"allow":["GET"]}}],"collection":[{"href":"https:\/\/mozga.at\/hu\/wp-json\/wp\/v2\/pages"}],"about":[{"href":"https:\/\/mozga.at\/hu\/wp-json\/wp\/v2\/types\/page"}],"author":[{"embeddable":true,"href":"https:\/\/mozga.at\/hu\/wp-json\/wp\/v2\/users\/1"}],"replies":[{"embeddable":true,"href":"https:\/\/mozga.at\/hu\/wp-json\/wp\/v2\/comments?post=357"}],"version-history":[{"count":16,"href":"https:\/\/mozga.at\/hu\/wp-json\/wp\/v2\/pages\/357\/revisions"}],"predecessor-version":[{"id":1451,"href":"https:\/\/mozga.at\/hu\/wp-json\/wp\/v2\/pages\/357\/revisions\/1451"}],"wp:attachment":[{"href":"https:\/\/mozga.at\/hu\/wp-json\/wp\/v2\/media?parent=357"}],"curies":[{"name":"wp","href":"https:\/\/api.w.org\/{rel}","templated":true}]}}