{"id":291,"date":"2022-04-10T18:02:19","date_gmt":"2022-04-10T18:02:19","guid":{"rendered":"https:\/\/mozga.at\/?page_id=291"},"modified":"2023-11-26T17:36:14","modified_gmt":"2023-11-26T17:36:14","slug":"wohnrecht","status":"publish","type":"page","link":"https:\/\/mozga.at\/hu\/wohnrecht\/","title":{"rendered":"Ingatlan \u00e9s lak\u00e1sjog"},"content":{"rendered":"<div data-elementor-type=\"wp-page\" data-elementor-id=\"291\" class=\"elementor elementor-291\" data-elementor-post-type=\"page\">\n\t\t\t\t\t\t\t\t\t<section class=\"elementor-section elementor-top-section elementor-element elementor-element-382df8d2 elementor-section-boxed elementor-section-height-default elementor-section-height-default\" data-id=\"382df8d2\" data-element_type=\"section\" data-settings=\"{&quot;background_background&quot;:&quot;classic&quot;}\">\n\t\t\t\t\t\t\t<div class=\"elementor-background-overlay\"><\/div>\n\t\t\t\t\t\t\t<div class=\"elementor-container elementor-column-gap-no\">\n\t\t\t\t\t<div class=\"elementor-column elementor-col-100 elementor-top-column elementor-element elementor-element-288efac5 elementor-invisible\" data-id=\"288efac5\" data-element_type=\"column\" data-settings=\"{&quot;animation&quot;:&quot;fadeInLeft&quot;}\">\n\t\t\t<div class=\"elementor-widget-wrap elementor-element-populated\">\n\t\t\t\t\t\t\t\t<div class=\"elementor-element elementor-element-2aba50b9 elementor-widget elementor-widget-spacer\" data-id=\"2aba50b9\" data-element_type=\"widget\" data-widget_type=\"spacer.default\">\n\t\t\t\t<div class=\"elementor-widget-container\">\n\t\t\t<style>\/*! elementor - v3.17.0 - 08-11-2023 *\/\n.elementor-column .elementor-spacer-inner{height:var(--spacer-size)}.e-con{--container-widget-width:100%}.e-con-inner>.elementor-widget-spacer,.e-con>.elementor-widget-spacer{width:var(--container-widget-width,var(--spacer-size));--align-self:var(--container-widget-align-self,initial);--flex-shrink:0}.e-con-inner>.elementor-widget-spacer>.elementor-widget-container,.e-con>.elementor-widget-spacer>.elementor-widget-container{height:100%;width:100%}.e-con-inner>.elementor-widget-spacer>.elementor-widget-container>.elementor-spacer,.e-con>.elementor-widget-spacer>.elementor-widget-container>.elementor-spacer{height:100%}.e-con-inner>.elementor-widget-spacer>.elementor-widget-container>.elementor-spacer>.elementor-spacer-inner,.e-con>.elementor-widget-spacer>.elementor-widget-container>.elementor-spacer>.elementor-spacer-inner{height:var(--container-widget-height,var(--spacer-size))}.e-con-inner>.elementor-widget-spacer.elementor-widget-empty,.e-con>.elementor-widget-spacer.elementor-widget-empty{position:relative;min-height:22px;min-width:22px}.e-con-inner>.elementor-widget-spacer.elementor-widget-empty .elementor-widget-empty-icon,.e-con>.elementor-widget-spacer.elementor-widget-empty .elementor-widget-empty-icon{position:absolute;top:0;bottom:0;left:0;right:0;margin:auto;padding:0;width:22px;height:22px}<\/style>\t\t<div class=\"elementor-spacer\">\n\t\t\t<div class=\"elementor-spacer-inner\"><\/div>\n\t\t<\/div>\n\t\t\t\t<\/div>\n\t\t\t\t<\/div>\n\t\t\t\t<div class=\"elementor-element elementor-element-5d1902c3 elementor-widget elementor-widget-heading\" data-id=\"5d1902c3\" data-element_type=\"widget\" data-widget_type=\"heading.default\">\n\t\t\t\t<div class=\"elementor-widget-container\">\n\t\t\t<style>\/*! elementor - v3.17.0 - 08-11-2023 *\/\n.elementor-heading-title{padding:0;margin:0;line-height:1}.elementor-widget-heading .elementor-heading-title[class*=elementor-size-]>a{color:inherit;font-size:inherit;line-height:inherit}.elementor-widget-heading .elementor-heading-title.elementor-size-small{font-size:15px}.elementor-widget-heading .elementor-heading-title.elementor-size-medium{font-size:19px}.elementor-widget-heading .elementor-heading-title.elementor-size-large{font-size:29px}.elementor-widget-heading .elementor-heading-title.elementor-size-xl{font-size:39px}.elementor-widget-heading .elementor-heading-title.elementor-size-xxl{font-size:59px}<\/style><h1 class=\"elementor-heading-title elementor-size-default\">Ingatlan \u00e9s lak\u00e1sjog<\/h1>\t\t<\/div>\n\t\t\t\t<\/div>\n\t\t\t\t<div class=\"elementor-element elementor-element-12f07e28 elementor-widget elementor-widget-spacer\" data-id=\"12f07e28\" data-element_type=\"widget\" data-widget_type=\"spacer.default\">\n\t\t\t\t<div class=\"elementor-widget-container\">\n\t\t\t\t\t<div class=\"elementor-spacer\">\n\t\t\t<div class=\"elementor-spacer-inner\"><\/div>\n\t\t<\/div>\n\t\t\t\t<\/div>\n\t\t\t\t<\/div>\n\t\t\t\t\t<\/div>\n\t\t<\/div>\n\t\t\t\t\t\t\t<\/div>\n\t\t<\/section>\n\t\t\t\t<section class=\"elementor-section elementor-top-section elementor-element elementor-element-43be42a elementor-section-boxed elementor-section-height-default elementor-section-height-default\" data-id=\"43be42a\" data-element_type=\"section\" data-settings=\"{&quot;background_background&quot;:&quot;classic&quot;}\">\n\t\t\t\t\t\t<div class=\"elementor-container elementor-column-gap-default\">\n\t\t\t\t\t<div class=\"elementor-column elementor-col-100 elementor-top-column elementor-element elementor-element-48c0919\" data-id=\"48c0919\" data-element_type=\"column\">\n\t\t\t<div class=\"elementor-widget-wrap elementor-element-populated\">\n\t\t\t\t\t\t\t\t<div class=\"elementor-element elementor-element-6d6284f elementor-widget elementor-widget-text-editor\" data-id=\"6d6284f\" data-element_type=\"widget\" data-widget_type=\"text-editor.default\">\n\t\t\t\t<div class=\"elementor-widget-container\">\n\t\t\t<style>\/*! elementor - v3.17.0 - 08-11-2023 *\/\n.elementor-widget-text-editor.elementor-drop-cap-view-stacked .elementor-drop-cap{background-color:#69727d;color:#fff}.elementor-widget-text-editor.elementor-drop-cap-view-framed .elementor-drop-cap{color:#69727d;border:3px solid;background-color:transparent}.elementor-widget-text-editor:not(.elementor-drop-cap-view-default) .elementor-drop-cap{margin-top:8px}.elementor-widget-text-editor:not(.elementor-drop-cap-view-default) .elementor-drop-cap-letter{width:1em;height:1em}.elementor-widget-text-editor .elementor-drop-cap{float:left;text-align:center;line-height:1;font-size:50px}.elementor-widget-text-editor .elementor-drop-cap-letter{display:inline-block}<\/style>\t\t\t\t<p style=\"font-weight: 400;\">Mint ingatlanjogra specializ\u00e1l\u00f3dott \u00fcgyv\u00e9d, seg\u00edtek mag\u00e1nszem\u00e9lyeknek \u00e9s v\u00e1llalkoz\u00e1soknak minden ingatlan\u00fcgyletekkel kapcsolatos k\u00e9rd\u00e9sben. C\u00e9lom az, hogy \u00fcgyfeleimnek egyedi tan\u00e1csad\u00e1st \u00e9s t\u00e1mogat\u00e1st ny\u00fajtsak az \u00fcgylet minden f\u00e1zis\u00e1ban, mik\u00f6zben minimaliz\u00e1lom az adott \u00fcgylet kock\u00e1zat\u00e1t.<\/p><p style=\"font-weight: 400;\">\u00a0<\/p><p style=\"font-weight: 400;\">T\u00e1mogatom \u00fcgyfeleimet az optim\u00e1lis szerz\u0151d\u00e9sk\u00f6t\u00e9sben, a hitelint\u00e9zetekn\u00e9l t\u00f6rt\u00e9n\u0151 jelz\u00e1logfelv\u00e9telben az ingatlanv\u00e1s\u00e1rl\u00e1shoz, valamint az ingatlanprojektek lebonyol\u00edt\u00e1sa sor\u00e1n bet\u00f6lt\u00f6tt vagyonkezel\u0151i szerepben. Mindig az eg\u00e9sz folyamatot tartom szem el\u0151tt, azonban minden apr\u00f3 r\u00e9szletet figyelembe veszek, hogy \u00fcgyfeleimnek a legjobb megold\u00e1st ny\u00fajthassam.<\/p><p style=\"font-weight: 400;\">Az ingatlan aj\u00e1nd\u00e9koz\u00e1sa eset\u00e9n is seg\u00edts\u00e9get ny\u00fajtok \u00fcgyfeleimnek, k\u00fcl\u00f6n\u00f6s figyelmet ford\u00edtva egy \u00e1tl\u00e1that\u00f3 szerz\u0151d\u00e9s kidolgoz\u00e1s\u00e1ra. Ingatlanjogi k\u00e9rd\u00e9sek eset\u00e9n, legyen sz\u00f3 v\u00e1l\u00e1sr\u00f3l vagy \u00f6r\u00f6kl\u00e9sr\u0151l, megb\u00edzhat\u00f3 \u00e9s egy\u00fctt\u00e9rz\u0151 \u00fcgyv\u00e9dk\u00e9nt \u00e1llok \u00fcgyfeleim rendelkez\u00e9s\u00e9re.<\/p><p style=\"font-weight: 400;\">\u00a0<\/p><p style=\"font-weight: 400;\" class=\" translation-block\">Emellett egy \"One-Stop-Shop\" koncepci\u00f3t k\u00edn\u00e1lok a hat\u00e1rokon \u00e1tny\u00fal\u00f3 ingatlan\u00fcgyletekhez Ausztria \u00e9s Magyarorsz\u00e1g k\u00f6z\u00f6tt. A lak\u00e1s- \u00e9s ingatlanjog ter\u00e9n szerzett szaktud\u00e1som lehet\u0151v\u00e9 teszi, hogy \u00fcgyfeleimet seg\u00edtsem a k\u00f6zvet\u00edt\u0151i, b\u00e9rleti \u00e9s lak\u00e1ssz\u00f6vetkezeti jog k\u00e9rd\u00e9seiben is.<\/p><p style=\"font-weight: 400;\">Az ingatlanok az emberek \u00e9let\u00e9nek k\u00f6zponti r\u00e9sz\u00e9t k\u00e9pezik, \u00e9s az ebb\u0151l fakad\u00f3 vit\u00e1k gyakran hatalmas \u00e9rzelmi terhet jelentenek. Ez\u00e9rt k\u00fcl\u00f6n\u00f6sen fontosnak tartom, hogy \u00fcgyfeleim teljesk\u00f6r\u0171en meg\u00e9rts\u00e9k jogaikat \u00e9s lehet\u0151s\u00e9geiket, hogy ez\u00e1ltal megalapozott d\u00f6nt\u00e9seket hozhassanak, amelyek biztos\u00edtj\u00e1k sz\u00e1mukra hossz\u00fat\u00e1v\u00fa el\u00e9gedetts\u00e9get. \u00dcgyfeleimnek egyedi, szem\u00e9lyre szabott tan\u00e1csad\u00e1st \u00e9s t\u00e1mogat\u00e1st ny\u00fajtok, \u00e9s azon dolgozom, hogy seg\u00edtsem \u0151ket c\u00e9ljaik \u00e9s v\u00e1gyaik sikeres megval\u00f3s\u00edt\u00e1s\u00e1ban az ingatlan\u00fcgyek ter\u00e9n.<\/p>\t\t\t\t\t\t<\/div>\n\t\t\t\t<\/div>\n\t\t\t\t\t<\/div>\n\t\t<\/div>\n\t\t\t\t\t\t\t<\/div>\n\t\t<\/section>\n\t\t\t\t<section class=\"elementor-section elementor-top-section elementor-element elementor-element-db25117 elementor-section-boxed elementor-section-height-default elementor-section-height-default\" data-id=\"db25117\" data-element_type=\"section\">\n\t\t\t\t\t\t<div class=\"elementor-container elementor-column-gap-default\">\n\t\t\t\t\t<div class=\"elementor-column elementor-col-100 elementor-top-column elementor-element elementor-element-1d111f5\" data-id=\"1d111f5\" data-element_type=\"column\">\n\t\t\t<div class=\"elementor-widget-wrap elementor-element-populated\">\n\t\t\t\t\t\t\t\t<div class=\"elementor-element elementor-element-95cd6f7 elementor-widget__width-initial elementor-widget elementor-widget-heading\" data-id=\"95cd6f7\" data-element_type=\"widget\" data-widget_type=\"heading.default\">\n\t\t\t\t<div class=\"elementor-widget-container\">\n\t\t\t<h2 class=\"elementor-heading-title elementor-size-default\">Hat\u00e1rokon \u00e1t\u00edvel\u0151 ingatlanv\u00e1s\u00e1rl\u00e1s<\/h2>\t\t<\/div>\n\t\t\t\t<\/div>\n\t\t\t\t<div class=\"elementor-element elementor-element-1897c4b elementor-widget__width-initial elementor-widget-divider--view-line elementor-widget elementor-widget-divider\" data-id=\"1897c4b\" data-element_type=\"widget\" data-widget_type=\"divider.default\">\n\t\t\t\t<div class=\"elementor-widget-container\">\n\t\t\t<style>\/*! elementor - v3.17.0 - 08-11-2023 *\/\n.elementor-widget-divider{--divider-border-style:none;--divider-border-width:1px;--divider-color:#0c0d0e;--divider-icon-size:20px;--divider-element-spacing:10px;--divider-pattern-height:24px;--divider-pattern-size:20px;--divider-pattern-url:none;--divider-pattern-repeat:repeat-x}.elementor-widget-divider .elementor-divider{display:flex}.elementor-widget-divider .elementor-divider__text{font-size:15px;line-height:1;max-width:95%}.elementor-widget-divider .elementor-divider__element{margin:0 var(--divider-element-spacing);flex-shrink:0}.elementor-widget-divider .elementor-icon{font-size:var(--divider-icon-size)}.elementor-widget-divider .elementor-divider-separator{display:flex;margin:0;direction:ltr}.elementor-widget-divider--view-line_icon .elementor-divider-separator,.elementor-widget-divider--view-line_text .elementor-divider-separator{align-items:center}.elementor-widget-divider--view-line_icon .elementor-divider-separator:after,.elementor-widget-divider--view-line_icon .elementor-divider-separator:before,.elementor-widget-divider--view-line_text .elementor-divider-separator:after,.elementor-widget-divider--view-line_text .elementor-divider-separator:before{display:block;content:\"\";border-bottom:0;flex-grow:1;border-top:var(--divider-border-width) var(--divider-border-style) var(--divider-color)}.elementor-widget-divider--element-align-left .elementor-divider .elementor-divider-separator>.elementor-divider__svg:first-of-type{flex-grow:0;flex-shrink:100}.elementor-widget-divider--element-align-left .elementor-divider-separator:before{content:none}.elementor-widget-divider--element-align-left .elementor-divider__element{margin-left:0}.elementor-widget-divider--element-align-right .elementor-divider .elementor-divider-separator>.elementor-divider__svg:last-of-type{flex-grow:0;flex-shrink:100}.elementor-widget-divider--element-align-right .elementor-divider-separator:after{content:none}.elementor-widget-divider--element-align-right .elementor-divider__element{margin-right:0}.elementor-widget-divider:not(.elementor-widget-divider--view-line_text):not(.elementor-widget-divider--view-line_icon) .elementor-divider-separator{border-top:var(--divider-border-width) var(--divider-border-style) var(--divider-color)}.elementor-widget-divider--separator-type-pattern{--divider-border-style:none}.elementor-widget-divider--separator-type-pattern.elementor-widget-divider--view-line .elementor-divider-separator,.elementor-widget-divider--separator-type-pattern:not(.elementor-widget-divider--view-line) .elementor-divider-separator:after,.elementor-widget-divider--separator-type-pattern:not(.elementor-widget-divider--view-line) .elementor-divider-separator:before,.elementor-widget-divider--separator-type-pattern:not([class*=elementor-widget-divider--view]) .elementor-divider-separator{width:100%;min-height:var(--divider-pattern-height);-webkit-mask-size:var(--divider-pattern-size) 100%;mask-size:var(--divider-pattern-size) 100%;-webkit-mask-repeat:var(--divider-pattern-repeat);mask-repeat:var(--divider-pattern-repeat);background-color:var(--divider-color);-webkit-mask-image:var(--divider-pattern-url);mask-image:var(--divider-pattern-url)}.elementor-widget-divider--no-spacing{--divider-pattern-size:auto}.elementor-widget-divider--bg-round{--divider-pattern-repeat:round}.rtl .elementor-widget-divider .elementor-divider__text{direction:rtl}.e-con-inner>.elementor-widget-divider,.e-con>.elementor-widget-divider{width:var(--container-widget-width,100%);--flex-grow:var(--container-widget-flex-grow)}<\/style>\t\t<div class=\"elementor-divider\">\n\t\t\t<span class=\"elementor-divider-separator\">\n\t\t\t\t\t\t<\/span>\n\t\t<\/div>\n\t\t\t\t<\/div>\n\t\t\t\t<\/div>\n\t\t\t\t<div class=\"elementor-element elementor-element-56f8860 elementor-widget__width-initial elementor-widget elementor-widget-text-editor\" data-id=\"56f8860\" data-element_type=\"widget\" data-widget_type=\"text-editor.default\">\n\t\t\t\t<div class=\"elementor-widget-container\">\n\t\t\t\t\t\t\t<p style=\"font-weight: 400;\">Szeretne ingatlant v\u00e1s\u00e1rolni Ausztri\u00e1ban, p\u00e9ld\u00e1ul magyar \u00e1llampolg\u00e1rk\u00e9nt \u00e9s\/vagy magyarorsz\u00e1gi lakosk\u00e9nt?<\/p><p style=\"font-weight: 400;\">N\u00e9met\u00fcl \u00e9s magyarul besz\u00e9l\u0151 \u00fcgyv\u00e9dk\u00e9nt, aki a hat\u00e1rokon \u00e1tny\u00fal\u00f3 ingatlan\u00fcgyletekre f\u00f3kusz\u00e1l Ausztria \u00e9s Magyarorsz\u00e1g k\u00f6z\u00f6tt, m\u00e1r az aj\u00e1nlatt\u00e9tel el\u0151tt t\u00e1mogatom \u00fcgyfeleimet az osztr\u00e1k ingatlanv\u00e1s\u00e1rl\u00e1s minden l\u00e9p\u00e9s\u00e9ben. \u00c9vek \u00f3ta tart\u00f3 szak\u00e9rtelmemnek k\u00f6sz\u00f6nhet\u0151en t\u00e1j\u00e9koztatom \u00fcgyfeleimet az osztr\u00e1k \u00e9s magyar jogrendszer l\u00e9nyeges k\u00fcl\u00f6nbs\u00e9geir\u0151l a v\u00e1s\u00e1rl\u00e1si szerz\u0151d\u00e9s lebonyol\u00edt\u00e1s\u00e1t illet\u0151en. K\u00e9tnyelv\u0171 tev\u00e9kenys\u00e9gem r\u00e9v\u00e9n elker\u00fclhet\u0151ek a nyelvi akad\u00e1lyokb\u00f3l sz\u00e1rmaz\u00f3 f\u00e9lre\u00e9rt\u00e9sek, \u00e9s hozz\u00e1vet\u0151legesen megbecs\u00fcl\u00f6m az adott \u00fcgylet lebonyol\u00edt\u00e1sa sor\u00e1n felmer\u00fcl\u0151 k\u00f6lts\u00e9geket \u00e9s az erre ford\u00edtott id\u0151 hossz\u00e1t.<\/p><p style=\"font-weight: 400;\">B\u00edr\u00f3s\u00e1gi vit\u00e1k eset\u00e9n orsz\u00e1gszerte k\u00e9pviselem \u00fcgyfeleimet minden osztr\u00e1k hat\u00f3s\u00e1g el\u0151tt. C\u00e9lom, hogy \u00fcgyfeleimnek a lehet\u0151 legjobb tan\u00e1csot \u00e9s k\u00e9pviseletet ny\u00fajtsam, hogy sikeresen z\u00e1rj\u00e1k le ingatlan\u00fcgyleteiket. Ne habozzon kapcsolatba l\u00e9pni velem, hogy tiszt\u00e1zhassuk k\u00e9rd\u00e9seit \u00e9s egyedi ig\u00e9nyeit. Sz\u00edvesen \u00e1llok rendelkez\u00e9s\u00e9re.<\/p>\t\t\t\t\t\t<\/div>\n\t\t\t\t<\/div>\n\t\t\t\t\t<\/div>\n\t\t<\/div>\n\t\t\t\t\t\t\t<\/div>\n\t\t<\/section>\n\t\t\t\t<section class=\"elementor-section elementor-top-section elementor-element elementor-element-1410870 elementor-section-boxed elementor-section-height-default elementor-section-height-default\" data-id=\"1410870\" data-element_type=\"section\" data-settings=\"{&quot;background_background&quot;:&quot;classic&quot;}\">\n\t\t\t\t\t\t<div class=\"elementor-container elementor-column-gap-default\">\n\t\t\t\t\t<div class=\"elementor-column elementor-col-100 elementor-top-column elementor-element elementor-element-9240313\" data-id=\"9240313\" data-element_type=\"column\">\n\t\t\t<div class=\"elementor-widget-wrap elementor-element-populated\">\n\t\t\t\t\t\t\t\t<div class=\"elementor-element elementor-element-ed2f327 elementor-widget__width-initial elementor-widget elementor-widget-heading\" data-id=\"ed2f327\" data-element_type=\"widget\" data-widget_type=\"heading.default\">\n\t\t\t\t<div class=\"elementor-widget-container\">\n\t\t\t<h2 class=\"elementor-heading-title elementor-size-default\">B\u00e9rleti jog<\/h2>\t\t<\/div>\n\t\t\t\t<\/div>\n\t\t\t\t<div class=\"elementor-element elementor-element-56aac12 elementor-widget__width-initial elementor-widget-divider--view-line elementor-widget elementor-widget-divider\" data-id=\"56aac12\" data-element_type=\"widget\" data-widget_type=\"divider.default\">\n\t\t\t\t<div class=\"elementor-widget-container\">\n\t\t\t\t\t<div class=\"elementor-divider\">\n\t\t\t<span class=\"elementor-divider-separator\">\n\t\t\t\t\t\t<\/span>\n\t\t<\/div>\n\t\t\t\t<\/div>\n\t\t\t\t<\/div>\n\t\t\t\t<div class=\"elementor-element elementor-element-9345e4c elementor-widget__width-initial elementor-widget elementor-widget-text-editor\" data-id=\"9345e4c\" data-element_type=\"widget\" data-widget_type=\"text-editor.default\">\n\t\t\t\t<div class=\"elementor-widget-container\">\n\t\t\t\t\t\t\t<p style=\"font-weight: 400;\">Mint b\u00e9rleti jogban foglalatos \u00fcgyv\u00e9d, sz\u00e9lesk\u00f6r\u0171 jogi tan\u00e1csad\u00e1st \u00e9s k\u00e9pviseletet ny\u00fajtok \u00fcgyfeleimnek. Az osztr\u00e1k lak\u00e1sjog egy komplex ter\u00fclet, ez\u00e1ltal mind a b\u00e9rl\u0151k, mind a b\u00e9rbead\u00f3k sz\u00e1m\u00e1ra kih\u00edv\u00e1sokat jelenthet. Szolg\u00e1ltat\u00e1saim magukban foglalj\u00e1k a jogi seg\u00edts\u00e9gny\u00fajt\u00e1st szerz\u0151d\u00e9sfelmond\u00e1sokkal vagy b\u00e9rleti szerz\u0151d\u00e9sek felbont\u00e1s\u00e1val kapcsolatosan, b\u00e9rleti szerz\u0151d\u00e9sek elk\u00e9sz\u00edt\u00e9s\u00e9t \u00e9s ellen\u0151rz\u00e9s\u00e9t, valamint a b\u00edr\u00f3s\u00e1gi k\u00e9pviseletet a b\u00e9rl\u00e9si \u00fcgyekben.<\/p><p style=\"font-weight: 400;\">Tan\u00e1csokkal l\u00e1tom el \u00e9s t\u00e1mogatom a b\u00e9rbead\u00f3kat \u00e9s ingatlankezel\u0151ket a szerz\u0151d\u00e9sk\u00f6t\u00e9s folyam\u00e1n, b\u00e9rleti d\u00edjemel\u00e9sekn\u00e9l, szerz\u0151d\u00e9sbont\u00e1sokn\u00e1l \u00e9s a b\u00e9rl\u0151kkel szembeni p\u00e9nz\u00fcgyi k\u00f6vetel\u00e9sek \u00e9rv\u00e9nyes\u00edt\u00e9s\u00e9ben. A lak\u00e1sjog ter\u00e9n szerzett sok\u00e9ves tapasztalatomnak k\u00f6sz\u00f6nhet\u0151en k\u00e9pes vagyok \u00fcgyfeleimet teljesk\u00f6r\u0171en \u00e9s a lehet\u0151 legjobb megold\u00e1sra t\u00f6rekedve k\u00e9pviselni. A megfelel\u0151 id\u0151ben t\u00f6rt\u00e9n\u0151 jogi tan\u00e1csad\u00e1s seg\u00edthet elker\u00fclni a szerz\u0151d\u00e9sk\u00f6t\u00e9s sor\u00e1n esetlegesen felmer\u00fcl\u0151 hib\u00e1kat a hossz\u00fat\u00e1v\u00fa kellemetlens\u00e9gek megel\u0151z\u00e9se \u00e9rdek\u00e9ben. Keressen bizalommal egy\u00e9ni tan\u00e1csad\u00e1s\u00e9rt \u00e9s t\u00e1mogat\u00e1s\u00e9rt.<\/p>\t\t\t\t\t\t<\/div>\n\t\t\t\t<\/div>\n\t\t\t\t\t<\/div>\n\t\t<\/div>\n\t\t\t\t\t\t\t<\/div>\n\t\t<\/section>\n\t\t\t\t\t\t\t<\/div>","protected":false},"excerpt":{"rendered":"<p>Wohnrecht Als Rechtsanwalt mit Schwerpunkt im Immobilienrecht stehe ich Privatpersonen und Unternehmen bei allen Fragen rund um Immobilientransaktionen zur Seite. Mein Ziel ist es, meinen Mandanten eine individuelle Beratung und Unterst\u00fctzung in jeder Phase der Transaktion zu bieten und dabei das Risiko jeder Transaktion zu minimieren. \u00a0 Ich unterst\u00fctze meine Mandanten bei der optimalen Vertragsgestaltung, [&hellip;]<\/p>","protected":false},"author":1,"featured_media":0,"parent":0,"menu_order":0,"comment_status":"closed","ping_status":"closed","template":"elementor_header_footer","meta":{"inline_featured_image":false,"footnotes":""},"class_list":["post-291","page","type-page","status-publish","hentry"],"_links":{"self":[{"href":"https:\/\/mozga.at\/hu\/wp-json\/wp\/v2\/pages\/291","targetHints":{"allow":["GET"]}}],"collection":[{"href":"https:\/\/mozga.at\/hu\/wp-json\/wp\/v2\/pages"}],"about":[{"href":"https:\/\/mozga.at\/hu\/wp-json\/wp\/v2\/types\/page"}],"author":[{"embeddable":true,"href":"https:\/\/mozga.at\/hu\/wp-json\/wp\/v2\/users\/1"}],"replies":[{"embeddable":true,"href":"https:\/\/mozga.at\/hu\/wp-json\/wp\/v2\/comments?post=291"}],"version-history":[{"count":39,"href":"https:\/\/mozga.at\/hu\/wp-json\/wp\/v2\/pages\/291\/revisions"}],"predecessor-version":[{"id":1507,"href":"https:\/\/mozga.at\/hu\/wp-json\/wp\/v2\/pages\/291\/revisions\/1507"}],"wp:attachment":[{"href":"https:\/\/mozga.at\/hu\/wp-json\/wp\/v2\/media?parent=291"}],"curies":[{"name":"wp","href":"https:\/\/api.w.org\/{rel}","templated":true}]}}