{"id":283,"date":"2022-04-10T18:00:02","date_gmt":"2022-04-10T18:00:02","guid":{"rendered":"https:\/\/mozga.at\/?page_id=283"},"modified":"2023-11-27T12:58:07","modified_gmt":"2023-11-27T12:58:07","slug":"fremdenrecht","status":"publish","type":"page","link":"https:\/\/mozga.at\/hu\/fremdenrecht\/","title":{"rendered":"Idegen \u00e9s mened\u00e9kjog"},"content":{"rendered":"<div data-elementor-type=\"wp-page\" data-elementor-id=\"283\" class=\"elementor elementor-283\" data-elementor-post-type=\"page\">\n\t\t\t\t\t\t\t\t\t<section class=\"elementor-section elementor-top-section elementor-element elementor-element-458d7981 elementor-section-boxed elementor-section-height-default elementor-section-height-default\" data-id=\"458d7981\" data-element_type=\"section\" data-settings=\"{&quot;background_background&quot;:&quot;classic&quot;}\">\n\t\t\t\t\t\t\t<div class=\"elementor-background-overlay\"><\/div>\n\t\t\t\t\t\t\t<div class=\"elementor-container elementor-column-gap-no\">\n\t\t\t\t\t<div class=\"elementor-column elementor-col-100 elementor-top-column elementor-element elementor-element-2022c359 elementor-invisible\" data-id=\"2022c359\" data-element_type=\"column\" data-settings=\"{&quot;animation&quot;:&quot;fadeInLeft&quot;}\">\n\t\t\t<div class=\"elementor-widget-wrap elementor-element-populated\">\n\t\t\t\t\t\t\t\t<div class=\"elementor-element elementor-element-44799e elementor-widget elementor-widget-spacer\" data-id=\"44799e\" data-element_type=\"widget\" data-widget_type=\"spacer.default\">\n\t\t\t\t<div class=\"elementor-widget-container\">\n\t\t\t<style>\/*! elementor - v3.17.0 - 08-11-2023 *\/\n.elementor-column .elementor-spacer-inner{height:var(--spacer-size)}.e-con{--container-widget-width:100%}.e-con-inner>.elementor-widget-spacer,.e-con>.elementor-widget-spacer{width:var(--container-widget-width,var(--spacer-size));--align-self:var(--container-widget-align-self,initial);--flex-shrink:0}.e-con-inner>.elementor-widget-spacer>.elementor-widget-container,.e-con>.elementor-widget-spacer>.elementor-widget-container{height:100%;width:100%}.e-con-inner>.elementor-widget-spacer>.elementor-widget-container>.elementor-spacer,.e-con>.elementor-widget-spacer>.elementor-widget-container>.elementor-spacer{height:100%}.e-con-inner>.elementor-widget-spacer>.elementor-widget-container>.elementor-spacer>.elementor-spacer-inner,.e-con>.elementor-widget-spacer>.elementor-widget-container>.elementor-spacer>.elementor-spacer-inner{height:var(--container-widget-height,var(--spacer-size))}.e-con-inner>.elementor-widget-spacer.elementor-widget-empty,.e-con>.elementor-widget-spacer.elementor-widget-empty{position:relative;min-height:22px;min-width:22px}.e-con-inner>.elementor-widget-spacer.elementor-widget-empty .elementor-widget-empty-icon,.e-con>.elementor-widget-spacer.elementor-widget-empty .elementor-widget-empty-icon{position:absolute;top:0;bottom:0;left:0;right:0;margin:auto;padding:0;width:22px;height:22px}<\/style>\t\t<div class=\"elementor-spacer\">\n\t\t\t<div class=\"elementor-spacer-inner\"><\/div>\n\t\t<\/div>\n\t\t\t\t<\/div>\n\t\t\t\t<\/div>\n\t\t\t\t<div class=\"elementor-element elementor-element-6e69ba44 elementor-widget elementor-widget-heading\" data-id=\"6e69ba44\" data-element_type=\"widget\" data-widget_type=\"heading.default\">\n\t\t\t\t<div class=\"elementor-widget-container\">\n\t\t\t<style>\/*! elementor - v3.17.0 - 08-11-2023 *\/\n.elementor-heading-title{padding:0;margin:0;line-height:1}.elementor-widget-heading .elementor-heading-title[class*=elementor-size-]>a{color:inherit;font-size:inherit;line-height:inherit}.elementor-widget-heading .elementor-heading-title.elementor-size-small{font-size:15px}.elementor-widget-heading .elementor-heading-title.elementor-size-medium{font-size:19px}.elementor-widget-heading .elementor-heading-title.elementor-size-large{font-size:29px}.elementor-widget-heading .elementor-heading-title.elementor-size-xl{font-size:39px}.elementor-widget-heading .elementor-heading-title.elementor-size-xxl{font-size:59px}<\/style><h1 class=\"elementor-heading-title elementor-size-default\">K\u00fclf\u00f6ldiekr\u0151l sz\u00f3l\u00f3 t\u00f6rv\u00e9ny<\/h1>\t\t<\/div>\n\t\t\t\t<\/div>\n\t\t\t\t<div class=\"elementor-element elementor-element-70968c18 elementor-widget elementor-widget-spacer\" data-id=\"70968c18\" data-element_type=\"widget\" data-widget_type=\"spacer.default\">\n\t\t\t\t<div class=\"elementor-widget-container\">\n\t\t\t\t\t<div class=\"elementor-spacer\">\n\t\t\t<div class=\"elementor-spacer-inner\"><\/div>\n\t\t<\/div>\n\t\t\t\t<\/div>\n\t\t\t\t<\/div>\n\t\t\t\t\t<\/div>\n\t\t<\/div>\n\t\t\t\t\t\t\t<\/div>\n\t\t<\/section>\n\t\t\t\t<section class=\"elementor-section elementor-top-section elementor-element elementor-element-f9f69b4 elementor-section-boxed elementor-section-height-default elementor-section-height-default\" data-id=\"f9f69b4\" data-element_type=\"section\" data-settings=\"{&quot;background_background&quot;:&quot;classic&quot;}\">\n\t\t\t\t\t\t<div class=\"elementor-container elementor-column-gap-default\">\n\t\t\t\t\t<div class=\"elementor-column elementor-col-100 elementor-top-column elementor-element elementor-element-da72d6b\" data-id=\"da72d6b\" data-element_type=\"column\">\n\t\t\t<div class=\"elementor-widget-wrap elementor-element-populated\">\n\t\t\t\t\t\t\t\t<div class=\"elementor-element elementor-element-6d6284f elementor-widget elementor-widget-text-editor\" data-id=\"6d6284f\" data-element_type=\"widget\" data-widget_type=\"text-editor.default\">\n\t\t\t\t<div class=\"elementor-widget-container\">\n\t\t\t<style>\/*! elementor - v3.17.0 - 08-11-2023 *\/\n.elementor-widget-text-editor.elementor-drop-cap-view-stacked .elementor-drop-cap{background-color:#69727d;color:#fff}.elementor-widget-text-editor.elementor-drop-cap-view-framed .elementor-drop-cap{color:#69727d;border:3px solid;background-color:transparent}.elementor-widget-text-editor:not(.elementor-drop-cap-view-default) .elementor-drop-cap{margin-top:8px}.elementor-widget-text-editor:not(.elementor-drop-cap-view-default) .elementor-drop-cap-letter{width:1em;height:1em}.elementor-widget-text-editor .elementor-drop-cap{float:left;text-align:center;line-height:1;font-size:50px}.elementor-widget-text-editor .elementor-drop-cap-letter{display:inline-block}<\/style>\t\t\t\t<p style=\"font-weight: 400;\">Mint idegenjogra specializ\u00e1l\u00f3dott \u00fcgyv\u00e9d, kompetens seg\u00edts\u00e9get ny\u00fajtok \u00d6nnek az Ausztri\u00e1ban \u00e9l\u0151 k\u00fclf\u00f6ldiek tart\u00f3zkod\u00e1si hely\u00e9re \u00e9s jog\u00e1ll\u00e1s\u00e1ra vonatkoz\u00f3 jogszab\u00e1lyok \u00e9s rendeletek ter\u00e9n.<\/p>\t\t\t\t\t\t<\/div>\n\t\t\t\t<\/div>\n\t\t\t\t\t<\/div>\n\t\t<\/div>\n\t\t\t\t\t\t\t<\/div>\n\t\t<\/section>\n\t\t\t\t<section class=\"elementor-section elementor-top-section elementor-element elementor-element-db25117 elementor-section-boxed elementor-section-height-default elementor-section-height-default\" data-id=\"db25117\" data-element_type=\"section\">\n\t\t\t\t\t\t<div class=\"elementor-container elementor-column-gap-default\">\n\t\t\t\t\t<div class=\"elementor-column elementor-col-100 elementor-top-column elementor-element elementor-element-1d111f5\" data-id=\"1d111f5\" data-element_type=\"column\">\n\t\t\t<div class=\"elementor-widget-wrap elementor-element-populated\">\n\t\t\t\t\t\t\t\t<div class=\"elementor-element elementor-element-56f8860 elementor-widget__width-initial elementor-widget elementor-widget-text-editor\" data-id=\"56f8860\" data-element_type=\"widget\" data-widget_type=\"text-editor.default\">\n\t\t\t\t<div class=\"elementor-widget-container\">\n\t\t\t\t\t\t\t<p style=\"font-weight: 400;\">Bizalommal fordulhat irod\u00e1nkhoz, ha bev\u00e1ndorl\u00e1si, tart\u00f3zkod\u00e1si enged\u00e9lyekkel, v\u00edzumokkal, mened\u00e9kjogi elj\u00e1r\u00e1sokkal, \u00e1llampolg\u00e1rs\u00e1ggal vagy csal\u00e1degyes\u00edt\u00e9ssel kapcsolatos k\u00e9rd\u00e9sekr\u0151l van sz\u00f3.<\/p><p style=\"font-weight: 400;\">\u00a0<\/p><p style=\"font-weight: 400;\">Emellett k\u00e9pviselem az \u00fcgyfeleim \u00e9rdekeit a \u201e tart\u00f3zkod\u00e1st megsz\u00fcntet\u0151  int\u00e9zked\u00e9sekr\u0151l\" sz\u00f3l\u00f3 elj\u00e1r\u00e1sokban is, p\u00e9ld\u00e1ul Ausztri\u00e1b\u00f3l val\u00f3 kiutas\u00edt\u00e1s \u00fcgy\u00e9ben egy eztk\u00f6vet\u0151 joger\u0151s b\u00fcntet\u0151b\u00edr\u00f3s\u00e1gi \u00edt\u00e9let ut\u00e1n.<\/p><p style=\"font-weight: 400;\">\u00a0<\/p><p style=\"font-weight: 400;\">C\u00e9lom az \u00fcgyfeleim jogait v\u00e9deni \u00e9s  megalapozott megold\u00e1sokat  tal\u00e1lni idegenjogi \u00fcgyekben.<\/p><p style=\"font-weight: 400;\">\u00a0<\/p><p style=\"font-weight: 400;\">Az irod\u00e1m tev\u00e9kenys\u00e9gi ter\u00fcletei a k\u00f6vetkez\u0151k a idegenjog ter\u00fclet\u00e9n:<\/p><ul style=\"font-weight: 400;\"><li>Leteleped\u00e9si \u00e9s tart\u00f3zkod\u00e1si jog<\/li><li>K\u00fclf\u00f6ldi munkav\u00e1llal\u00e1s joga<\/li><li>\u00c1llampolg\u00e1rs\u00e1gi jog<\/li><li>Kiutas\u00edt\u00e1s Ausztri\u00e1b\u00f3l (\"tart\u00f3zkod\u00e1st befejez\u0151 int\u00e9zked\u00e9s\")<\/li><li>Tart\u00f3zkod\u00e1si enged\u00e9ly vagy v\u00edzum megszerz\u00e9se<\/li><li>Csal\u00e1degyes\u00edt\u00e9s<\/li><li>hat\u00f3s\u00e1gok el\u0151tti \u00fcgyf\u00e9lk\u00e9pviselet\u00a0<\/li><\/ul>\t\t\t\t\t\t<\/div>\n\t\t\t\t<\/div>\n\t\t\t\t\t<\/div>\n\t\t<\/div>\n\t\t\t\t\t\t\t<\/div>\n\t\t<\/section>\n\t\t\t\t\t\t\t<\/div>","protected":false},"excerpt":{"rendered":"<p>Fremdenrecht Als Rechtsanwalt f\u00fcr Fremdenrecht stehe ich Ihnen kompetent zur Seite, wenn es um die rechtlichen Bestimmungen und Regelungen bez\u00fcglich des Aufenthalts und der Rechtsstellung von Ausl\u00e4ndern in \u00d6sterreich geht. Mein Fokus liegt darauf, die Interessen meiner Mandanten in verschiedenen Angelegenheiten zu vertreten. Sie k\u00f6nnen sich vertrauensvoll an mich wenden, wenn es um Fragen der [&hellip;]<\/p>","protected":false},"author":1,"featured_media":0,"parent":0,"menu_order":0,"comment_status":"closed","ping_status":"closed","template":"elementor_header_footer","meta":{"inline_featured_image":false,"footnotes":""},"class_list":["post-283","page","type-page","status-publish","hentry"],"_links":{"self":[{"href":"https:\/\/mozga.at\/hu\/wp-json\/wp\/v2\/pages\/283","targetHints":{"allow":["GET"]}}],"collection":[{"href":"https:\/\/mozga.at\/hu\/wp-json\/wp\/v2\/pages"}],"about":[{"href":"https:\/\/mozga.at\/hu\/wp-json\/wp\/v2\/types\/page"}],"author":[{"embeddable":true,"href":"https:\/\/mozga.at\/hu\/wp-json\/wp\/v2\/users\/1"}],"replies":[{"embeddable":true,"href":"https:\/\/mozga.at\/hu\/wp-json\/wp\/v2\/comments?post=283"}],"version-history":[{"count":33,"href":"https:\/\/mozga.at\/hu\/wp-json\/wp\/v2\/pages\/283\/revisions"}],"predecessor-version":[{"id":1526,"href":"https:\/\/mozga.at\/hu\/wp-json\/wp\/v2\/pages\/283\/revisions\/1526"}],"wp:attachment":[{"href":"https:\/\/mozga.at\/hu\/wp-json\/wp\/v2\/media?parent=283"}],"curies":[{"name":"wp","href":"https:\/\/api.w.org\/{rel}","templated":true}]}}