{"id":273,"date":"2022-04-10T17:54:56","date_gmt":"2022-04-10T17:54:56","guid":{"rendered":"https:\/\/mozga.at\/?page_id=273"},"modified":"2023-11-26T17:38:35","modified_gmt":"2023-11-26T17:38:35","slug":"unternehmens-gesellschaftsrecht","status":"publish","type":"page","link":"https:\/\/mozga.at\/hu\/unternehmens-gesellschaftsrecht\/","title":{"rendered":"V\u00e1llalati \u00e9s t\u00e1rsas\u00e1gi jog"},"content":{"rendered":"<div data-elementor-type=\"wp-page\" data-elementor-id=\"273\" class=\"elementor elementor-273\" data-elementor-post-type=\"page\">\n\t\t\t\t\t\t\t\t\t<section class=\"elementor-section elementor-top-section elementor-element elementor-element-7944a5cd elementor-section-boxed elementor-section-height-default elementor-section-height-default\" data-id=\"7944a5cd\" data-element_type=\"section\" data-settings=\"{&quot;background_background&quot;:&quot;classic&quot;}\">\n\t\t\t\t\t\t\t<div class=\"elementor-background-overlay\"><\/div>\n\t\t\t\t\t\t\t<div class=\"elementor-container elementor-column-gap-no\">\n\t\t\t\t\t<div class=\"elementor-column elementor-col-100 elementor-top-column elementor-element elementor-element-7cc71d8d elementor-invisible\" data-id=\"7cc71d8d\" data-element_type=\"column\" data-settings=\"{&quot;animation&quot;:&quot;fadeInLeft&quot;}\">\n\t\t\t<div class=\"elementor-widget-wrap elementor-element-populated\">\n\t\t\t\t\t\t\t\t<div class=\"elementor-element elementor-element-6bb969f6 elementor-widget elementor-widget-spacer\" data-id=\"6bb969f6\" data-element_type=\"widget\" data-widget_type=\"spacer.default\">\n\t\t\t\t<div class=\"elementor-widget-container\">\n\t\t\t<style>\/*! elementor - v3.17.0 - 08-11-2023 *\/\n.elementor-column .elementor-spacer-inner{height:var(--spacer-size)}.e-con{--container-widget-width:100%}.e-con-inner>.elementor-widget-spacer,.e-con>.elementor-widget-spacer{width:var(--container-widget-width,var(--spacer-size));--align-self:var(--container-widget-align-self,initial);--flex-shrink:0}.e-con-inner>.elementor-widget-spacer>.elementor-widget-container,.e-con>.elementor-widget-spacer>.elementor-widget-container{height:100%;width:100%}.e-con-inner>.elementor-widget-spacer>.elementor-widget-container>.elementor-spacer,.e-con>.elementor-widget-spacer>.elementor-widget-container>.elementor-spacer{height:100%}.e-con-inner>.elementor-widget-spacer>.elementor-widget-container>.elementor-spacer>.elementor-spacer-inner,.e-con>.elementor-widget-spacer>.elementor-widget-container>.elementor-spacer>.elementor-spacer-inner{height:var(--container-widget-height,var(--spacer-size))}.e-con-inner>.elementor-widget-spacer.elementor-widget-empty,.e-con>.elementor-widget-spacer.elementor-widget-empty{position:relative;min-height:22px;min-width:22px}.e-con-inner>.elementor-widget-spacer.elementor-widget-empty .elementor-widget-empty-icon,.e-con>.elementor-widget-spacer.elementor-widget-empty .elementor-widget-empty-icon{position:absolute;top:0;bottom:0;left:0;right:0;margin:auto;padding:0;width:22px;height:22px}<\/style>\t\t<div class=\"elementor-spacer\">\n\t\t\t<div class=\"elementor-spacer-inner\"><\/div>\n\t\t<\/div>\n\t\t\t\t<\/div>\n\t\t\t\t<\/div>\n\t\t\t\t<div class=\"elementor-element elementor-element-22475b19 elementor-widget elementor-widget-heading\" data-id=\"22475b19\" data-element_type=\"widget\" data-widget_type=\"heading.default\">\n\t\t\t\t<div class=\"elementor-widget-container\">\n\t\t\t<style>\/*! elementor - v3.17.0 - 08-11-2023 *\/\n.elementor-heading-title{padding:0;margin:0;line-height:1}.elementor-widget-heading .elementor-heading-title[class*=elementor-size-]>a{color:inherit;font-size:inherit;line-height:inherit}.elementor-widget-heading .elementor-heading-title.elementor-size-small{font-size:15px}.elementor-widget-heading .elementor-heading-title.elementor-size-medium{font-size:19px}.elementor-widget-heading .elementor-heading-title.elementor-size-large{font-size:29px}.elementor-widget-heading .elementor-heading-title.elementor-size-xl{font-size:39px}.elementor-widget-heading .elementor-heading-title.elementor-size-xxl{font-size:59px}<\/style><h1 class=\"elementor-heading-title elementor-size-default\">V\u00e1llalati \u00e9s t\u00e1rsas\u00e1gi jog<\/h1>\t\t<\/div>\n\t\t\t\t<\/div>\n\t\t\t\t<div class=\"elementor-element elementor-element-66ab2260 elementor-widget elementor-widget-spacer\" data-id=\"66ab2260\" data-element_type=\"widget\" data-widget_type=\"spacer.default\">\n\t\t\t\t<div class=\"elementor-widget-container\">\n\t\t\t\t\t<div class=\"elementor-spacer\">\n\t\t\t<div class=\"elementor-spacer-inner\"><\/div>\n\t\t<\/div>\n\t\t\t\t<\/div>\n\t\t\t\t<\/div>\n\t\t\t\t\t<\/div>\n\t\t<\/div>\n\t\t\t\t\t\t\t<\/div>\n\t\t<\/section>\n\t\t\t\t<section class=\"elementor-section elementor-top-section elementor-element elementor-element-31bd14e elementor-section-boxed elementor-section-height-default elementor-section-height-default\" data-id=\"31bd14e\" data-element_type=\"section\" data-settings=\"{&quot;background_background&quot;:&quot;classic&quot;}\">\n\t\t\t\t\t\t<div class=\"elementor-container elementor-column-gap-default\">\n\t\t\t\t\t<div class=\"elementor-column elementor-col-100 elementor-top-column elementor-element elementor-element-122d5aa\" data-id=\"122d5aa\" data-element_type=\"column\">\n\t\t\t<div class=\"elementor-widget-wrap elementor-element-populated\">\n\t\t\t\t\t\t\t\t<div class=\"elementor-element elementor-element-6d6284f elementor-widget elementor-widget-text-editor\" data-id=\"6d6284f\" data-element_type=\"widget\" data-widget_type=\"text-editor.default\">\n\t\t\t\t<div class=\"elementor-widget-container\">\n\t\t\t<style>\/*! elementor - v3.17.0 - 08-11-2023 *\/\n.elementor-widget-text-editor.elementor-drop-cap-view-stacked .elementor-drop-cap{background-color:#69727d;color:#fff}.elementor-widget-text-editor.elementor-drop-cap-view-framed .elementor-drop-cap{color:#69727d;border:3px solid;background-color:transparent}.elementor-widget-text-editor:not(.elementor-drop-cap-view-default) .elementor-drop-cap{margin-top:8px}.elementor-widget-text-editor:not(.elementor-drop-cap-view-default) .elementor-drop-cap-letter{width:1em;height:1em}.elementor-widget-text-editor .elementor-drop-cap{float:left;text-align:center;line-height:1;font-size:50px}.elementor-widget-text-editor .elementor-drop-cap-letter{display:inline-block}<\/style>\t\t\t\t<p>V\u00e1llalkoz\u00f3nak min\u0151s\u00fcl az, aki v\u00e1llalkoz\u00e1st folytat. Minden tart\u00f3s, \u00f6n\u00e1ll\u00f3 gazdas\u00e1gi tev\u00e9kenys\u00e9get v\u00e9gz\u0151 szervezet, ak\u00e1r nem is profitorient\u00e1lt, v\u00e1llalkoz\u00e1sk\u00e9nt \u00e9rtelmezend\u0151 (UGB \u00a71  (1) \u00e9s (2) bekezd\u00e9s).<\/p><p>A v\u00e1llalkoz\u00f3k \u00e1lland\u00f3an jogi k\u00e9rd\u00e9sekkel szembes\u00fclnek - a v\u00e1llalkoz\u00e1s alap\u00edt\u00e1s\u00e1t\u00f3l kezdve a t\u00e1rsas\u00e1g megsz\u00fcntet\u00e9s\u00e9ig. Egy j\u00f3l t\u00e1j\u00e9kozott v\u00e1llalkoz\u00f3, aki ismeri cselekv\u00e9si lehet\u0151s\u00e9geit, mindig el\u0151ny\u00f6sebb poz\u00edci\u00f3b\u00f3l indul.<\/p>\t\t\t\t\t\t<\/div>\n\t\t\t\t<\/div>\n\t\t\t\t\t<\/div>\n\t\t<\/div>\n\t\t\t\t\t\t\t<\/div>\n\t\t<\/section>\n\t\t\t\t<section class=\"elementor-section elementor-top-section elementor-element elementor-element-db25117 elementor-section-boxed elementor-section-height-default elementor-section-height-default\" data-id=\"db25117\" data-element_type=\"section\">\n\t\t\t\t\t\t<div class=\"elementor-container elementor-column-gap-default\">\n\t\t\t\t\t<div class=\"elementor-column elementor-col-100 elementor-top-column elementor-element elementor-element-1d111f5\" data-id=\"1d111f5\" data-element_type=\"column\">\n\t\t\t<div class=\"elementor-widget-wrap elementor-element-populated\">\n\t\t\t\t\t\t\t\t<div class=\"elementor-element elementor-element-0972929 elementor-widget__width-initial elementor-widget elementor-widget-heading\" data-id=\"0972929\" data-element_type=\"widget\" data-widget_type=\"heading.default\">\n\t\t\t\t<div class=\"elementor-widget-container\">\n\t\t\t<h2 class=\"elementor-heading-title elementor-size-default\">V\u00e1llalati jog<\/h2>\t\t<\/div>\n\t\t\t\t<\/div>\n\t\t\t\t<div class=\"elementor-element elementor-element-f0c31ee elementor-widget__width-initial elementor-widget-divider--view-line elementor-widget elementor-widget-divider\" data-id=\"f0c31ee\" data-element_type=\"widget\" data-widget_type=\"divider.default\">\n\t\t\t\t<div class=\"elementor-widget-container\">\n\t\t\t<style>\/*! elementor - v3.17.0 - 08-11-2023 *\/\n.elementor-widget-divider{--divider-border-style:none;--divider-border-width:1px;--divider-color:#0c0d0e;--divider-icon-size:20px;--divider-element-spacing:10px;--divider-pattern-height:24px;--divider-pattern-size:20px;--divider-pattern-url:none;--divider-pattern-repeat:repeat-x}.elementor-widget-divider .elementor-divider{display:flex}.elementor-widget-divider .elementor-divider__text{font-size:15px;line-height:1;max-width:95%}.elementor-widget-divider .elementor-divider__element{margin:0 var(--divider-element-spacing);flex-shrink:0}.elementor-widget-divider .elementor-icon{font-size:var(--divider-icon-size)}.elementor-widget-divider .elementor-divider-separator{display:flex;margin:0;direction:ltr}.elementor-widget-divider--view-line_icon .elementor-divider-separator,.elementor-widget-divider--view-line_text .elementor-divider-separator{align-items:center}.elementor-widget-divider--view-line_icon .elementor-divider-separator:after,.elementor-widget-divider--view-line_icon .elementor-divider-separator:before,.elementor-widget-divider--view-line_text .elementor-divider-separator:after,.elementor-widget-divider--view-line_text .elementor-divider-separator:before{display:block;content:\"\";border-bottom:0;flex-grow:1;border-top:var(--divider-border-width) var(--divider-border-style) var(--divider-color)}.elementor-widget-divider--element-align-left .elementor-divider .elementor-divider-separator>.elementor-divider__svg:first-of-type{flex-grow:0;flex-shrink:100}.elementor-widget-divider--element-align-left .elementor-divider-separator:before{content:none}.elementor-widget-divider--element-align-left .elementor-divider__element{margin-left:0}.elementor-widget-divider--element-align-right .elementor-divider .elementor-divider-separator>.elementor-divider__svg:last-of-type{flex-grow:0;flex-shrink:100}.elementor-widget-divider--element-align-right .elementor-divider-separator:after{content:none}.elementor-widget-divider--element-align-right .elementor-divider__element{margin-right:0}.elementor-widget-divider:not(.elementor-widget-divider--view-line_text):not(.elementor-widget-divider--view-line_icon) .elementor-divider-separator{border-top:var(--divider-border-width) var(--divider-border-style) var(--divider-color)}.elementor-widget-divider--separator-type-pattern{--divider-border-style:none}.elementor-widget-divider--separator-type-pattern.elementor-widget-divider--view-line .elementor-divider-separator,.elementor-widget-divider--separator-type-pattern:not(.elementor-widget-divider--view-line) .elementor-divider-separator:after,.elementor-widget-divider--separator-type-pattern:not(.elementor-widget-divider--view-line) .elementor-divider-separator:before,.elementor-widget-divider--separator-type-pattern:not([class*=elementor-widget-divider--view]) .elementor-divider-separator{width:100%;min-height:var(--divider-pattern-height);-webkit-mask-size:var(--divider-pattern-size) 100%;mask-size:var(--divider-pattern-size) 100%;-webkit-mask-repeat:var(--divider-pattern-repeat);mask-repeat:var(--divider-pattern-repeat);background-color:var(--divider-color);-webkit-mask-image:var(--divider-pattern-url);mask-image:var(--divider-pattern-url)}.elementor-widget-divider--no-spacing{--divider-pattern-size:auto}.elementor-widget-divider--bg-round{--divider-pattern-repeat:round}.rtl .elementor-widget-divider .elementor-divider__text{direction:rtl}.e-con-inner>.elementor-widget-divider,.e-con>.elementor-widget-divider{width:var(--container-widget-width,100%);--flex-grow:var(--container-widget-flex-grow)}<\/style>\t\t<div class=\"elementor-divider\">\n\t\t\t<span class=\"elementor-divider-separator\">\n\t\t\t\t\t\t<\/span>\n\t\t<\/div>\n\t\t\t\t<\/div>\n\t\t\t\t<\/div>\n\t\t\t\t<div class=\"elementor-element elementor-element-56f8860 elementor-widget__width-initial elementor-widget elementor-widget-text-editor\" data-id=\"56f8860\" data-element_type=\"widget\" data-widget_type=\"text-editor.default\">\n\t\t\t\t<div class=\"elementor-widget-container\">\n\t\t\t\t\t\t\t<p style=\"font-weight: 400;\">Az \u00fczleti jog ter\u00fclete kiemelt specialit\u00e1sa az \u00fcgyv\u00e9di irod\u00e1mnak. Szak\u00e9rt\u0151i seg\u00edts\u00e9get ny\u00fajtok \u00d6nnek, ha v\u00e1llalkoz\u00e1sok alap\u00edt\u00e1s\u00e1val, vezet\u00e9s\u00e9vel \u00e9s megsz\u00fcntet\u00e9s\u00e9vel kapcsolatos jogi \u00fcgyekr\u0151l van sz\u00f3. B\u00e1tran fordulhat hozz\u00e1m, ha seg\u00edts\u00e9gre van sz\u00fcks\u00e9ge v\u00e1llalkoz\u00e1sa megalap\u00edt\u00e1s\u00e1hoz, t\u00e1rsas\u00e1gi szerz\u0151d\u00e9sek k\u00e9sz\u00edt\u00e9s\u00e9hez, v\u00e1llalkoz\u00e1svezet\u00e9ssel kapcsolatban, v\u00e1llalat\u00e1tad\u00e1sok tervez\u00e9s\u00e9hez vagy vit\u00e1k megold\u00e1s\u00e1hoz a t\u00e1rsas\u00e1gon bel\u00fcl.<\/p><p style=\"font-weight: 400;\">Ha a szerz\u0151d\u0151 f\u00e9l nem sz\u00e1ll\u00edtja a meg\u00e1llapodott \u00e9p\u00edt\u0151anyagot, vagy v\u00e1llalat\u00e1tad\u00e1s el\u0151tt \u00e1ll? Sz\u00edvesen \u00e1llok rendelkez\u00e9sre mindennapi \u00fcgyekben vagy a v\u00e1llalkoz\u00e1s \"k\u00fcl\u00f6nleges\" esem\u00e9nyeivel kapcsolatos tan\u00e1csad\u00e1sban. Nagy hangs\u00falyt fektetek arra, hogy minden k\u00e9rd\u00e9s\u00e9t c\u00e9lrat\u00f6rekv\u0151en \u00e9s gyakorlatiasan v\u00e1laszoljam meg.<\/p><p style=\"font-weight: 400;\">Tov\u00e1bb\u00e1 szakmai h\u00e1l\u00f3zatomon kereszt\u00fcl n\u00e9met\u00fcl \u00e9s magyarul besz\u00e9l\u0151 ad\u00f3tan\u00e1csad\u00f3kat, k\u00f6zjegyz\u0151ket, ingatlan\u00fcgyn\u00f6k\u00f6ket, tolm\u00e1csokat \u00e9s szak\u00e9rt\u0151ket \u00e1ll\u00edtok \u00fcgyfeleim rendelkez\u00e9s\u00e9re, \u00edgy kiv\u00e1l\u00f3 szakemberek k\u00f6zrem\u0171k\u00f6d\u00e9s\u00e9vel \u00e9rem el az \u00f6sszetett (t\u00f6bbek k\u00f6z\u00f6tt jogi \u00e9s ad\u00f3z\u00e1si)  \u00fcgyek \u00e1tfog\u00f3 \u00e9s professzion\u00e1lis kezel\u00e9s\u00e9t.<\/p>\t\t\t\t\t\t<\/div>\n\t\t\t\t<\/div>\n\t\t\t\t<div class=\"elementor-element elementor-element-8e650e1 elementor-widget__width-initial elementor-widget elementor-widget-heading\" data-id=\"8e650e1\" data-element_type=\"widget\" data-widget_type=\"heading.default\">\n\t\t\t\t<div class=\"elementor-widget-container\">\n\t\t\t<h2 class=\"elementor-heading-title elementor-size-default\">T\u00e1rsas\u00e1gi jog<\/h2>\t\t<\/div>\n\t\t\t\t<\/div>\n\t\t\t\t<div class=\"elementor-element elementor-element-a0e45d4 elementor-widget__width-initial elementor-widget-divider--view-line elementor-widget elementor-widget-divider\" data-id=\"a0e45d4\" data-element_type=\"widget\" data-widget_type=\"divider.default\">\n\t\t\t\t<div class=\"elementor-widget-container\">\n\t\t\t\t\t<div class=\"elementor-divider\">\n\t\t\t<span class=\"elementor-divider-separator\">\n\t\t\t\t\t\t<\/span>\n\t\t<\/div>\n\t\t\t\t<\/div>\n\t\t\t\t<\/div>\n\t\t\t\t<div class=\"elementor-element elementor-element-6a36bb9 elementor-widget__width-initial elementor-widget elementor-widget-text-editor\" data-id=\"6a36bb9\" data-element_type=\"widget\" data-widget_type=\"text-editor.default\">\n\t\t\t\t<div class=\"elementor-widget-container\">\n\t\t\t\t\t\t\t<p style=\"font-weight: 400;\">A t\u00e1rsas\u00e1gi jog ter\u00fclet\u00e9n a jogviszonyok mind a r\u00e9szv\u00e9nyeseken k\u00f6z\u00f6tt (bels\u0151 viszony), mind a r\u00e9szv\u00e9nyesek \u00e9s a t\u00e1rsas\u00e1g k\u00f6z\u00f6tt (k\u00fcls\u0151 viszony), mind pedig harmadik szem\u00e9lyekkel szemben szab\u00e1lyozottak. A strat\u00e9giai \u00e9s jogilag megalapozott d\u00f6nt\u00e9sek itt k\u00fcl\u00f6n\u00f6sen fontosak. Alapvet\u0151 fontoss\u00e1g\u00fa a k\u00fcl\u00f6nb\u00f6z\u0151 jogi form\u00e1kr\u00f3l \u00e9s a v\u00e1lasztott jogi form\u00e1n bel\u00fcl alkalmazand\u00f3 jogi rendelkez\u00e9sekr\u0151l val\u00f3 \u00e1tfog\u00f3 t\u00e1j\u00e9koztat\u00e1s. T\u00e1rsas\u00e1gi jogi \u00fcgyv\u00e9dk\u00e9nt sok\u00e9ves tapasztalatommal \u00e9s szak\u00e9rtelmemmel \u00e1llok az \u00d6n rendelkez\u00e9s\u00e9re, hogy a t\u00e1rsas\u00e1gi jog minden k\u00e9rd\u00e9s\u00e9ben kompetens tan\u00e1csot adjak \u00d6nnek.<\/p><p style=\"font-weight: 400;\" class=\" translation-block\">Sz\u00edvesen k\u00eds\u00e9rem v\u00e9gig a v\u00e1llalkoz\u00e1sokat \u00e9s v\u00e1llalkoz\u00f3kat \u00fatjuk sor\u00e1n folyamatos tan\u00e1csad\u00e1s keret\u00e9ben, \u00e9s kompetens seg\u00edts\u00e9get ny\u00fajtok az esetleges munkajogi probl\u00e9m\u00e1kra is.<\/p><p style=\"font-weight: 400;\">Az al\u00e1bbi szolg\u00e1ltat\u00e1sokat ny\u00fajtom t\u00f6bbek k\u00f6z\u00f6tt a v\u00e1llalkoz\u00e1s- \u00e9s t\u00e1rsas\u00e1gi jog keret\u00e9ben:\u00a0<\/p><ul style=\"font-weight: 400;\"><li>T\u00e1rsas\u00e1gok alap\u00edt\u00e1sa, valamint a sz\u00fcks\u00e9ges munkaszerz\u0151d\u00e9sek k\u00e9sz\u00edt\u00e9se az \u00fcgyvezet\u0151k \u00e9s egy\u00e9b szem\u00e9lyzet sz\u00e1m\u00e1ra<\/li><li>Szindik\u00e1tusi szerz\u0151d\u00e9sek<\/li><li>T\u00e1rsas\u00e1gi \u00e1tszervez\u00e9sek<\/li><li>V\u00e1llalatfelv\u00e1s\u00e1rl\u00e1sok<\/li><li>V\u00e1llalat likvid\u00e1l\u00e1sa<\/li><li>Folyamatos jogi tan\u00e1csad\u00e1s<\/li><li>\u00dcgyvezet\u0151i felel\u0151ss\u00e9g<\/li><li>Ig\u00e9nyek \u00e9rv\u00e9nyes\u00edt\u00e9se b\u00edr\u00f3s\u00e1g el\u0151tt<\/li><li>Cs\u0151delj\u00e1r\u00e1s-jogi tan\u00e1csad\u00e1s<\/li><\/ul>\t\t\t\t\t\t<\/div>\n\t\t\t\t<\/div>\n\t\t\t\t\t<\/div>\n\t\t<\/div>\n\t\t\t\t\t\t\t<\/div>\n\t\t<\/section>\n\t\t\t\t\t\t\t<\/div>","protected":false},"excerpt":{"rendered":"<p>Unternehmens- und Gesellschaftsrecht Unternehmer ist, wer ein Unternehmen betreibt. Jede auf Dauer angelegte Organistation selbstst\u00e4ndiger wirtschaftliche T\u00e4tigkeit, mag sie auch nicht Gewinn gerichtet sein, ist als Unternehmen zu verstehen. (\u00a7 1 Abs 1 und Abs 2 UGB) Unternehmer sind st\u00e4ndig mit Rechtsfragen konfrontiert &#8211;\u00a0 von der Unternehmensgr\u00fcndung bis hin zur Beendigung einer Gesellschaft. Ein gut [&hellip;]<\/p>","protected":false},"author":1,"featured_media":0,"parent":0,"menu_order":0,"comment_status":"closed","ping_status":"closed","template":"elementor_header_footer","meta":{"inline_featured_image":false,"footnotes":""},"class_list":["post-273","page","type-page","status-publish","hentry"],"_links":{"self":[{"href":"https:\/\/mozga.at\/hu\/wp-json\/wp\/v2\/pages\/273","targetHints":{"allow":["GET"]}}],"collection":[{"href":"https:\/\/mozga.at\/hu\/wp-json\/wp\/v2\/pages"}],"about":[{"href":"https:\/\/mozga.at\/hu\/wp-json\/wp\/v2\/types\/page"}],"author":[{"embeddable":true,"href":"https:\/\/mozga.at\/hu\/wp-json\/wp\/v2\/users\/1"}],"replies":[{"embeddable":true,"href":"https:\/\/mozga.at\/hu\/wp-json\/wp\/v2\/comments?post=273"}],"version-history":[{"count":39,"href":"https:\/\/mozga.at\/hu\/wp-json\/wp\/v2\/pages\/273\/revisions"}],"predecessor-version":[{"id":1509,"href":"https:\/\/mozga.at\/hu\/wp-json\/wp\/v2\/pages\/273\/revisions\/1509"}],"wp:attachment":[{"href":"https:\/\/mozga.at\/hu\/wp-json\/wp\/v2\/media?parent=273"}],"curies":[{"name":"wp","href":"https:\/\/api.w.org\/{rel}","templated":true}]}}