{"id":232,"date":"2022-04-10T16:57:30","date_gmt":"2022-04-10T16:57:30","guid":{"rendered":"https:\/\/mozga.at\/?page_id=232"},"modified":"2023-11-27T13:08:10","modified_gmt":"2023-11-27T13:08:10","slug":"leistungen","status":"publish","type":"page","link":"https:\/\/mozga.at\/hu\/leistungen\/","title":{"rendered":"Leistungen \u00dcbersicht"},"content":{"rendered":"<div data-elementor-type=\"wp-page\" data-elementor-id=\"232\" class=\"elementor elementor-232\" data-elementor-post-type=\"page\">\n\t\t\t\t\t\t\t\t\t<section class=\"elementor-section elementor-top-section elementor-element elementor-element-75d5a87c elementor-section-boxed elementor-section-height-default elementor-section-height-default\" data-id=\"75d5a87c\" data-element_type=\"section\" data-settings=\"{&quot;background_background&quot;:&quot;classic&quot;}\">\n\t\t\t\t\t\t\t<div class=\"elementor-background-overlay\"><\/div>\n\t\t\t\t\t\t\t<div class=\"elementor-container elementor-column-gap-no\">\n\t\t\t\t\t<div class=\"elementor-column elementor-col-100 elementor-top-column elementor-element elementor-element-4e5e95ab elementor-invisible\" data-id=\"4e5e95ab\" data-element_type=\"column\" data-settings=\"{&quot;animation&quot;:&quot;fadeInLeft&quot;}\">\n\t\t\t<div class=\"elementor-widget-wrap elementor-element-populated\">\n\t\t\t\t\t\t\t\t<div class=\"elementor-element elementor-element-4239e0e4 elementor-widget elementor-widget-spacer\" data-id=\"4239e0e4\" data-element_type=\"widget\" data-widget_type=\"spacer.default\">\n\t\t\t\t<div class=\"elementor-widget-container\">\n\t\t\t<style>\/*! elementor - v3.17.0 - 08-11-2023 *\/\n.elementor-column .elementor-spacer-inner{height:var(--spacer-size)}.e-con{--container-widget-width:100%}.e-con-inner>.elementor-widget-spacer,.e-con>.elementor-widget-spacer{width:var(--container-widget-width,var(--spacer-size));--align-self:var(--container-widget-align-self,initial);--flex-shrink:0}.e-con-inner>.elementor-widget-spacer>.elementor-widget-container,.e-con>.elementor-widget-spacer>.elementor-widget-container{height:100%;width:100%}.e-con-inner>.elementor-widget-spacer>.elementor-widget-container>.elementor-spacer,.e-con>.elementor-widget-spacer>.elementor-widget-container>.elementor-spacer{height:100%}.e-con-inner>.elementor-widget-spacer>.elementor-widget-container>.elementor-spacer>.elementor-spacer-inner,.e-con>.elementor-widget-spacer>.elementor-widget-container>.elementor-spacer>.elementor-spacer-inner{height:var(--container-widget-height,var(--spacer-size))}.e-con-inner>.elementor-widget-spacer.elementor-widget-empty,.e-con>.elementor-widget-spacer.elementor-widget-empty{position:relative;min-height:22px;min-width:22px}.e-con-inner>.elementor-widget-spacer.elementor-widget-empty .elementor-widget-empty-icon,.e-con>.elementor-widget-spacer.elementor-widget-empty .elementor-widget-empty-icon{position:absolute;top:0;bottom:0;left:0;right:0;margin:auto;padding:0;width:22px;height:22px}<\/style>\t\t<div class=\"elementor-spacer\">\n\t\t\t<div class=\"elementor-spacer-inner\"><\/div>\n\t\t<\/div>\n\t\t\t\t<\/div>\n\t\t\t\t<\/div>\n\t\t\t\t<div class=\"elementor-element elementor-element-64df3e11 elementor-widget elementor-widget-heading\" data-id=\"64df3e11\" data-element_type=\"widget\" data-widget_type=\"heading.default\">\n\t\t\t\t<div class=\"elementor-widget-container\">\n\t\t\t<style>\/*! elementor - v3.17.0 - 08-11-2023 *\/\n.elementor-heading-title{padding:0;margin:0;line-height:1}.elementor-widget-heading .elementor-heading-title[class*=elementor-size-]>a{color:inherit;font-size:inherit;line-height:inherit}.elementor-widget-heading .elementor-heading-title.elementor-size-small{font-size:15px}.elementor-widget-heading .elementor-heading-title.elementor-size-medium{font-size:19px}.elementor-widget-heading .elementor-heading-title.elementor-size-large{font-size:29px}.elementor-widget-heading .elementor-heading-title.elementor-size-xl{font-size:39px}.elementor-widget-heading .elementor-heading-title.elementor-size-xxl{font-size:59px}<\/style><h1 class=\"elementor-heading-title elementor-size-default\">Szakter\u00fcletek:<\/h1>\t\t<\/div>\n\t\t\t\t<\/div>\n\t\t\t\t<div class=\"elementor-element elementor-element-3cd9079 elementor-widget elementor-widget-spacer\" data-id=\"3cd9079\" data-element_type=\"widget\" data-widget_type=\"spacer.default\">\n\t\t\t\t<div class=\"elementor-widget-container\">\n\t\t\t\t\t<div class=\"elementor-spacer\">\n\t\t\t<div class=\"elementor-spacer-inner\"><\/div>\n\t\t<\/div>\n\t\t\t\t<\/div>\n\t\t\t\t<\/div>\n\t\t\t\t\t<\/div>\n\t\t<\/div>\n\t\t\t\t\t\t\t<\/div>\n\t\t<\/section>\n\t\t\t\t<section class=\"elementor-section elementor-top-section elementor-element elementor-element-1136326 elementor-section-boxed elementor-section-height-default elementor-section-height-default\" data-id=\"1136326\" data-element_type=\"section\" data-settings=\"{&quot;background_background&quot;:&quot;classic&quot;}\">\n\t\t\t\t\t\t<div class=\"elementor-container elementor-column-gap-default\">\n\t\t\t\t\t<div class=\"elementor-column elementor-col-100 elementor-top-column elementor-element elementor-element-cfca0d4\" data-id=\"cfca0d4\" data-element_type=\"column\">\n\t\t\t<div class=\"elementor-widget-wrap elementor-element-populated\">\n\t\t\t\t\t\t\t\t<div class=\"elementor-element elementor-element-6d6284f elementor-widget elementor-widget-text-editor\" data-id=\"6d6284f\" data-element_type=\"widget\" data-widget_type=\"text-editor.default\">\n\t\t\t\t<div class=\"elementor-widget-container\">\n\t\t\t<style>\/*! elementor - v3.17.0 - 08-11-2023 *\/\n.elementor-widget-text-editor.elementor-drop-cap-view-stacked .elementor-drop-cap{background-color:#69727d;color:#fff}.elementor-widget-text-editor.elementor-drop-cap-view-framed .elementor-drop-cap{color:#69727d;border:3px solid;background-color:transparent}.elementor-widget-text-editor:not(.elementor-drop-cap-view-default) .elementor-drop-cap{margin-top:8px}.elementor-widget-text-editor:not(.elementor-drop-cap-view-default) .elementor-drop-cap-letter{width:1em;height:1em}.elementor-widget-text-editor .elementor-drop-cap{float:left;text-align:center;line-height:1;font-size:50px}.elementor-widget-text-editor .elementor-drop-cap-letter{display:inline-block}<\/style>\t\t\t\t<p><span style=\"font-weight: 400;\">Mint \u00fcgyv\u00e9d a b\u00fcntet\u0151jog, k\u00f6zigazgat\u00e1si b\u00edrs\u00e1gjog, ingatlanjog, v\u00e1llalati jog, csal\u00e1djog \u00e9s k\u00e1rt\u00e9r\u00edt\u00e9si jog ter\u00e9n, teljesk\u00f6r\u0171 \u00e9s szem\u00e9lyre szabott tan\u00e1csad\u00e1st, valamint kompetens k\u00e9pviseletet k\u00edn\u00e1lok \u00d6nnek minden jogi \u00fcgyben. Mind b\u00edr\u00f3s\u00e1gi, mind b\u00edr\u00f3s\u00e1gon k\u00edv\u00fcli elj\u00e1r\u00e1sokban \u00d6n mellett \u00e1llok, hogy \u00e9rdekeit a lehet\u0151 legjobban k\u00e9pviseljem.<\/span><\/p><p style=\"font-weight: 400;\">\u00a0<\/p><p><span style=\"font-weight: 400;\">\u00dcgyv\u00e9dk\u00e9nt  kompetens k\u00e9pviseletet \u00e9s tan\u00e1csad\u00e1st k\u00edn\u00e1lok \u00d6nnek a b\u00fcntet\u0151jog \u00e9s k\u00f6zigazgat\u00e1si b\u00edrs\u00e1gjog ter\u00fclet\u00e9n. Mindenf\u00e9le b\u00fcntet\u0151jogi v\u00e1d eset\u00e9n, mint p\u00e9ld\u00e1ul csal\u00e1s, lop\u00e1s, testi s\u00e9rt\u00e9s vagy k\u00e1b\u00edt\u00f3szerrel val\u00f3 vissza\u00e9l\u00e9s, szak\u00e9rtelmemmel \u00e9s tapasztalatommal \u00e1llok rendelkez\u00e9s\u00e9re. Szenved\u00e9lyesen k\u00fczd\u00f6k az\u00e9rt, hogy megv\u00e9djem jogait \u00e9s igazs\u00e1gos megold\u00e1st tal\u00e1ljak.<\/span><\/p><p style=\"font-weight: 400;\">\u00a0<\/p><p><span style=\"font-weight: 400;\">Ezenfel\u00fcl t\u00e1mogatom \u00d6nt az k\u00f6zigazgat\u00e1si b\u00fcntet\u0151jogi \u00fcgyekben is, mint p\u00e9ld\u00e1ul k\u00f6zleked\u00e9si v\u00e9ts\u00e9gek, a BUAK (az osztr\u00e1k \u00e9p\u00edt\u0151ipari munkav\u00e1llal\u00f3k \u00e9s az eur\u00f3pai gazdas\u00e1gi t\u00e9rs\u00e9gb\u0151l sz\u00e1rmaz\u00f3 munkav\u00e1llal\u00f3k foglalkoztat\u00e1s\u00e1ra vonatkoz\u00f3 t\u00f6rv\u00e9ny) szab\u00e1lyainak megs\u00e9rt\u00e9s\u00e9vel \u00f6sszef\u00fcgg\u00e9sben \u00e1ll\u00f3 \u00fcgy\u00e9ben vagy tart\u00f3zkod\u00e1si tilalommal kapcsolatos int\u00e9zked\u00e9sekn\u00e9l. C\u00e9lom az, hogy teljes k\u00f6r\u0171 t\u00e1j\u00e9koztat\u00e1st ny\u00fajtsak \u00d6nnek, \u00e9s kompetens megold\u00e1sokat fejlesszek ki, amelyek seg\u00edts\u00e9g\u00e9vel meger\u0151s\u00edtem jogi poz\u00edci\u00f3j\u00e1t.<\/span><\/p><p style=\"font-weight: 400;\">\u00a0<\/p><p><span style=\"font-weight: 400;\">B\u00edzzon a szakmai tan\u00e1csad\u00e1somban \u00e9s elk\u00f6telezett k\u00e9pviseletemben b\u00fcntet\u0151jogi \u00e9s k\u00f6zigazgat\u00e1si b\u00fcntet\u0151jogi \u00fcgyekben. Forduljon hozz\u00e1m b\u00e1tran, hogy megbesz\u00e9lhess\u00fck egyedi helyzet\u00e9t, \u00e9s egy\u00fctt megtal\u00e1ljuk a legjobb megold\u00e1st az \u00d6n sz\u00e1m\u00e1ra.<\/span><\/p><p><span style=\"font-weight: 400;\">Az ingatlanjog ter\u00fclet\u00e9n tan\u00e1csokat ny\u00fajtok \u00d6nnek a lak\u00e1s- \u00e9s b\u00e9rleti jogi k\u00e9rd\u00e9seivel kapcsolatban, valamint ingatlanelad\u00e1sokkal \u00e9s -v\u00e1s\u00e1rl\u00e1sokkal kapcsolatos \u00fcgyekben is. Ebbe a kateg\u00f3ri\u00e1ba tartozik p\u00e9ld\u00e1ul b\u00e9rleti szerz\u0151d\u00e9sek fel\u00fclvizsg\u00e1lata, b\u00e9rleti d\u00edjjal kapcsolatos fizet\u00e9si ig\u00e9nyek rendez\u00e9se \u00e9s seg\u00edts\u00e9gny\u00fajt\u00e1s ingatlanok v\u00e1s\u00e1rl\u00e1s\u00e1hoz \u00e9s elad\u00e1s\u00e1hoz kapcsol\u00f3d\u00f3 \u00fcgyek lebonyol\u00edt\u00e1s\u00e1ban.<\/span><\/p><p style=\"font-weight: 400;\">\u00a0<\/p><p><span style=\"font-weight: 400;\">Az \u00fczleti jog ter\u00fclet\u00e9n seg\u00edtek \u00d6nnek v\u00e1llalkoz\u00e1sok alap\u00edt\u00e1s\u00e1ban, \u00e1tszervez\u00e9s\u00e9ben vagy felsz\u00e1mol\u00e1s\u00e1ban. Ebben az \u00fcgyben tan\u00e1csot adok a legalkalmasabb t\u00e1rsas\u00e1gi forma kiv\u00e1laszt\u00e1s\u00e1ban, szerz\u0151d\u00e9si t\u00e1rgyal\u00e1sok lebonyol\u00edt\u00e1s\u00e1ban vagy \u00e1tszervez\u00e9si int\u00e9zked\u00e9sek megval\u00f3s\u00edt\u00e1s\u00e1ban.<\/span><\/p><p style=\"font-weight: 400;\">\u00a0<\/p><p><span style=\"font-weight: 400;\">Csal\u00e1di \u00fcgyekben is szolg\u00e1lat\u00e1ra \u00e1llok tan\u00e1csad\u00e1sommal \u00e9s az \u00fcgyint\u00e9z\u00e9s sor\u00e1n. Idetartoznak a v\u00e1l\u00e1ssal, tart\u00e1sd\u00edjjal, fel\u00fcgyeleti joggal \u00e9s a n\u00e9vjoggal kapcsolatban felmer\u00fcl\u0151 k\u00e9rd\u00e9sek.<\/span><\/p><p style=\"font-weight: 400;\">\u00a0<\/p><p><span style=\"font-weight: 400;\">V\u00e9g\u00fcl, de nem utols\u00f3sorban, tan\u00e1csokat adok \u00e9s k\u00e9pviselem \u00d6nt a k\u00e1rt\u00e9r\u00edt\u00e9si jog ter\u00fclet\u00e9n is. Idetartoznak p\u00e9ld\u00e1ul k\u00e9rd\u00e9sek a k\u00f6zleked\u00e9si balesetekkel, munkahelyi balesetekkel vagy szem\u00e9lyi s\u00e9r\u00fcl\u00e9sekkel kapcsolatban.<\/span><\/p><p style=\"font-weight: 400;\">\u00a0<\/p><p><span style=\"font-weight: 400;\">Mint \u00fcgyv\u00e9d, mindig szem\u00e9lyesen \u00e9s egy\u00e9ni m\u00f3don \u00e1llok rendelkez\u00e9s\u00e9re n\u00e9met, magyar \u00e9s angol nyelven, \u00e9s elk\u00f6telezett vagyok az \u00d6n jogi \u00e9rdekeinek hat\u00e1rozott \u00e9s c\u00e9lorient\u00e1lt k\u00e9pviselete mellett.<\/span><br style=\"font-weight: 400;\" \/><br \/><\/p>\t\t\t\t\t\t<\/div>\n\t\t\t\t<\/div>\n\t\t\t\t\t<\/div>\n\t\t<\/div>\n\t\t\t\t\t\t\t<\/div>\n\t\t<\/section>\n\t\t\t\t<section class=\"elementor-section elementor-top-section elementor-element elementor-element-c9e7090 elementor-section-boxed elementor-section-height-default elementor-section-height-default\" data-id=\"c9e7090\" data-element_type=\"section\">\n\t\t\t\t\t\t<div class=\"elementor-container elementor-column-gap-default\">\n\t\t\t\t\t<div class=\"elementor-column elementor-col-33 elementor-top-column elementor-element elementor-element-daf5b2f\" data-id=\"daf5b2f\" data-element_type=\"column\">\n\t\t\t<div class=\"elementor-widget-wrap elementor-element-populated\">\n\t\t\t\t\t\t\t\t<div class=\"elementor-element elementor-element-35f35f3 elementor-flip-box--effect-fade elementor-widget elementor-widget-flip-box\" data-id=\"35f35f3\" data-element_type=\"widget\" data-widget_type=\"flip-box.default\">\n\t\t\t\t<div class=\"elementor-widget-container\">\n\t\t\t<link rel=\"stylesheet\" href=\"https:\/\/mozga.at\/wp-content\/plugins\/elementor-pro\/assets\/css\/widget-flip-box.min.css\">\t\t<div class=\"elementor-flip-box\" tabindex=\"0\">\n\t\t\t<div class=\"elementor-flip-box__layer elementor-flip-box__front\">\n\t\t\t\t<div class=\"elementor-flip-box__layer__overlay\">\n\t\t\t\t\t<div class=\"elementor-flip-box__layer__inner\">\n\t\t\t\t\t\t\t\t\t\t\t\t\t<div class=\"elementor-icon-wrapper elementor-view-default\">\n\t\t\t\t\t\t\t\t<div class=\"elementor-icon\">\n\t\t\t\t\t\t\t\t\t\t\t\t\t\t\t\t\t<\/div>\n\t\t\t\t\t\t\t<\/div>\n\t\t\t\t\t\t\n\t\t\t\t\t\t\t\t\t\t\t\t\t<h3 class=\"elementor-flip-box__layer__title translation-block\">B\u00fcntet\u0151 \u00e9s k\u00f6zigazgat\u00e1si b\u00fcntet\u0151jog<\/h3>\n\t\t\t\t\t\t\n\t\t\t\t\t\t\t\t\t\t\t<\/div>\n\t\t\t\t<\/div>\n\t\t\t<\/div>\n\t\t\t<div class=\"elementor-flip-box__layer elementor-flip-box__back\">\n\t\t\t<div class=\"elementor-flip-box__layer__overlay\">\n\t\t\t\t<div class=\"elementor-flip-box__layer__inner\">\n\t\t\t\t\t\n\t\t\t\t\t\n\t\t\t\t\t\t\t\t\t\t\t<a class=\"elementor-flip-box__button elementor-button elementor-size-md\" href=\"https:\/\/mozga.at\/strafrecht\">\n\t\t\t\t\t\t\tTudjon meg t\u00f6bbet\t\t\t\t\t\t<\/a>\n\t\t\t\t\t\t\t\t<\/div>\n\t\t<\/div>\n\t\t<\/div>\n\t\t<\/div>\n\t\t\t\t<\/div>\n\t\t\t\t<\/div>\n\t\t\t\t\t<\/div>\n\t\t<\/div>\n\t\t\t\t<div class=\"elementor-column elementor-col-33 elementor-top-column elementor-element elementor-element-74c163d\" data-id=\"74c163d\" data-element_type=\"column\">\n\t\t\t<div class=\"elementor-widget-wrap elementor-element-populated\">\n\t\t\t\t\t\t\t\t<div class=\"elementor-element elementor-element-f5c239f elementor-flip-box--effect-fade elementor-widget elementor-widget-flip-box\" data-id=\"f5c239f\" data-element_type=\"widget\" data-widget_type=\"flip-box.default\">\n\t\t\t\t<div class=\"elementor-widget-container\">\n\t\t\t\t\t<div class=\"elementor-flip-box\" tabindex=\"0\">\n\t\t\t<div class=\"elementor-flip-box__layer elementor-flip-box__front\">\n\t\t\t\t<div class=\"elementor-flip-box__layer__overlay\">\n\t\t\t\t\t<div class=\"elementor-flip-box__layer__inner\">\n\t\t\t\t\t\t\t\t\t\t\t\t\t<div class=\"elementor-icon-wrapper elementor-view-default\">\n\t\t\t\t\t\t\t\t<div class=\"elementor-icon\">\n\t\t\t\t\t\t\t\t\t\t\t\t\t\t\t\t\t<\/div>\n\t\t\t\t\t\t\t<\/div>\n\t\t\t\t\t\t\n\t\t\t\t\t\t\t\t\t\t\t\t\t<h3 class=\"elementor-flip-box__layer__title\">\n\t\t\t\t\t\t\t\t\u00c1ltal\u00e1nos polg\u00e1rjog\t\t\t\t\t\t\t<\/h3>\n\t\t\t\t\t\t\n\t\t\t\t\t\t\t\t\t\t\t<\/div>\n\t\t\t\t<\/div>\n\t\t\t<\/div>\n\t\t\t<div class=\"elementor-flip-box__layer elementor-flip-box__back\">\n\t\t\t<div class=\"elementor-flip-box__layer__overlay\">\n\t\t\t\t<div class=\"elementor-flip-box__layer__inner\">\n\t\t\t\t\t\n\t\t\t\t\t\n\t\t\t\t\t\t\t\t\t\t\t<a class=\"elementor-flip-box__button elementor-button elementor-size-md\" href=\"https:\/\/mozga.at\/zivilrecht\">\n\t\t\t\t\t\t\tTudjon meg t\u00f6bbet\t\t\t\t\t\t<\/a>\n\t\t\t\t\t\t\t\t<\/div>\n\t\t<\/div>\n\t\t<\/div>\n\t\t<\/div>\n\t\t\t\t<\/div>\n\t\t\t\t<\/div>\n\t\t\t\t\t<\/div>\n\t\t<\/div>\n\t\t\t\t<div class=\"elementor-column elementor-col-33 elementor-top-column elementor-element elementor-element-a19cbaf\" data-id=\"a19cbaf\" data-element_type=\"column\">\n\t\t\t<div class=\"elementor-widget-wrap elementor-element-populated\">\n\t\t\t\t\t\t\t\t<div class=\"elementor-element elementor-element-bd31d68 elementor-flip-box--effect-fade elementor-widget elementor-widget-flip-box\" data-id=\"bd31d68\" data-element_type=\"widget\" data-widget_type=\"flip-box.default\">\n\t\t\t\t<div class=\"elementor-widget-container\">\n\t\t\t\t\t<div class=\"elementor-flip-box\" tabindex=\"0\">\n\t\t\t<div class=\"elementor-flip-box__layer elementor-flip-box__front\">\n\t\t\t\t<div class=\"elementor-flip-box__layer__overlay\">\n\t\t\t\t\t<div class=\"elementor-flip-box__layer__inner\">\n\t\t\t\t\t\t\t\t\t\t\t\t\t<div class=\"elementor-icon-wrapper elementor-view-default\">\n\t\t\t\t\t\t\t\t<div class=\"elementor-icon\">\n\t\t\t\t\t\t\t\t\t\t\t\t\t\t\t\t\t<\/div>\n\t\t\t\t\t\t\t<\/div>\n\t\t\t\t\t\t\n\t\t\t\t\t\t\t\t\t\t\t\t\t<h3 class=\"elementor-flip-box__layer__title\">\n\t\t\t\t\t\t\t\tV\u00e1llalati- \u00e9s t\u00e1rsas\u00e1gi jog\t\t\t\t\t\t\t<\/h3>\n\t\t\t\t\t\t\n\t\t\t\t\t\t\t\t\t\t\t<\/div>\n\t\t\t\t<\/div>\n\t\t\t<\/div>\n\t\t\t<div class=\"elementor-flip-box__layer elementor-flip-box__back\">\n\t\t\t<div class=\"elementor-flip-box__layer__overlay\">\n\t\t\t\t<div class=\"elementor-flip-box__layer__inner\">\n\t\t\t\t\t\n\t\t\t\t\t\n\t\t\t\t\t\t\t\t\t\t\t<a class=\"elementor-flip-box__button elementor-button elementor-size-md\" href=\"https:\/\/mozga.at\/unternehmens-gesellschaftsrecht\">\n\t\t\t\t\t\t\tTudjon meg t\u00f6bbet\t\t\t\t\t\t<\/a>\n\t\t\t\t\t\t\t\t<\/div>\n\t\t<\/div>\n\t\t<\/div>\n\t\t<\/div>\n\t\t\t\t<\/div>\n\t\t\t\t<\/div>\n\t\t\t\t\t<\/div>\n\t\t<\/div>\n\t\t\t\t\t\t\t<\/div>\n\t\t<\/section>\n\t\t\t\t<section class=\"elementor-section elementor-top-section elementor-element elementor-element-426baba elementor-section-boxed elementor-section-height-default elementor-section-height-default\" data-id=\"426baba\" data-element_type=\"section\">\n\t\t\t\t\t\t<div class=\"elementor-container elementor-column-gap-default\">\n\t\t\t\t\t<div class=\"elementor-column elementor-col-33 elementor-top-column elementor-element elementor-element-e42d8d5\" data-id=\"e42d8d5\" data-element_type=\"column\">\n\t\t\t<div class=\"elementor-widget-wrap elementor-element-populated\">\n\t\t\t\t\t\t\t\t<div class=\"elementor-element elementor-element-ca554b8 elementor-flip-box--effect-fade elementor-widget elementor-widget-flip-box\" data-id=\"ca554b8\" data-element_type=\"widget\" data-widget_type=\"flip-box.default\">\n\t\t\t\t<div class=\"elementor-widget-container\">\n\t\t\t\t\t<div class=\"elementor-flip-box\" tabindex=\"0\">\n\t\t\t<div class=\"elementor-flip-box__layer elementor-flip-box__front\">\n\t\t\t\t<div class=\"elementor-flip-box__layer__overlay\">\n\t\t\t\t\t<div class=\"elementor-flip-box__layer__inner\">\n\t\t\t\t\t\t\t\t\t\t\t\t\t<div class=\"elementor-icon-wrapper elementor-view-default\">\n\t\t\t\t\t\t\t\t<div class=\"elementor-icon\">\n\t\t\t\t\t\t\t\t\t\t\t\t\t\t\t\t\t<\/div>\n\t\t\t\t\t\t\t<\/div>\n\t\t\t\t\t\t\n\t\t\t\t\t\t\t\t\t\t\t\t\t<h3 class=\"elementor-flip-box__layer__title\">\n\t\t\t\t\t\t\t\tMunkajog\t\t\t\t\t\t\t<\/h3>\n\t\t\t\t\t\t\n\t\t\t\t\t\t\t\t\t\t\t<\/div>\n\t\t\t\t<\/div>\n\t\t\t<\/div>\n\t\t\t<div class=\"elementor-flip-box__layer elementor-flip-box__back\">\n\t\t\t<div class=\"elementor-flip-box__layer__overlay\">\n\t\t\t\t<div class=\"elementor-flip-box__layer__inner\">\n\t\t\t\t\t\n\t\t\t\t\t\n\t\t\t\t\t\t\t\t\t\t\t<a class=\"elementor-flip-box__button elementor-button elementor-size-md\" href=\"https:\/\/mozga.at\/arbeitsrecht\">\n\t\t\t\t\t\t\tTudjon meg t\u00f6bbet\t\t\t\t\t\t<\/a>\n\t\t\t\t\t\t\t\t<\/div>\n\t\t<\/div>\n\t\t<\/div>\n\t\t<\/div>\n\t\t\t\t<\/div>\n\t\t\t\t<\/div>\n\t\t\t\t\t<\/div>\n\t\t<\/div>\n\t\t\t\t<div class=\"elementor-column elementor-col-33 elementor-top-column elementor-element elementor-element-7137089\" data-id=\"7137089\" data-element_type=\"column\">\n\t\t\t<div class=\"elementor-widget-wrap elementor-element-populated\">\n\t\t\t\t\t\t\t\t<div class=\"elementor-element elementor-element-64ad9db elementor-flip-box--effect-fade elementor-widget elementor-widget-flip-box\" data-id=\"64ad9db\" data-element_type=\"widget\" data-widget_type=\"flip-box.default\">\n\t\t\t\t<div class=\"elementor-widget-container\">\n\t\t\t\t\t<div class=\"elementor-flip-box\" tabindex=\"0\">\n\t\t\t<div class=\"elementor-flip-box__layer elementor-flip-box__front\">\n\t\t\t\t<div class=\"elementor-flip-box__layer__overlay\">\n\t\t\t\t\t<div class=\"elementor-flip-box__layer__inner\">\n\t\t\t\t\t\t\t\t\t\t\t\t\t<div class=\"elementor-icon-wrapper elementor-view-default\">\n\t\t\t\t\t\t\t\t<div class=\"elementor-icon\">\n\t\t\t\t\t\t\t\t\t\t\t\t\t\t\t\t\t<\/div>\n\t\t\t\t\t\t\t<\/div>\n\t\t\t\t\t\t\n\t\t\t\t\t\t\t\t\t\t\t\t\t<h3 class=\"elementor-flip-box__layer__title\">\n\t\t\t\t\t\t\t\tIngatlan \u00e9s lak\u00e1sjog <br>Ingatlan \u00e9s lak\u00e1sjog\t\t\t\t\t\t\t<\/h3>\n\t\t\t\t\t\t\n\t\t\t\t\t\t\t\t\t\t\t<\/div>\n\t\t\t\t<\/div>\n\t\t\t<\/div>\n\t\t\t<div class=\"elementor-flip-box__layer elementor-flip-box__back\">\n\t\t\t<div class=\"elementor-flip-box__layer__overlay\">\n\t\t\t\t<div class=\"elementor-flip-box__layer__inner\">\n\t\t\t\t\t\n\t\t\t\t\t\n\t\t\t\t\t\t\t\t\t\t\t<a class=\"elementor-flip-box__button elementor-button elementor-size-md\" href=\"https:\/\/mozga.at\/wohnrecht\">\n\t\t\t\t\t\t\tTudjon meg t\u00f6bbet\t\t\t\t\t\t<\/a>\n\t\t\t\t\t\t\t\t<\/div>\n\t\t<\/div>\n\t\t<\/div>\n\t\t<\/div>\n\t\t\t\t<\/div>\n\t\t\t\t<\/div>\n\t\t\t\t\t<\/div>\n\t\t<\/div>\n\t\t\t\t<div class=\"elementor-column elementor-col-33 elementor-top-column elementor-element elementor-element-5a68cbd\" data-id=\"5a68cbd\" data-element_type=\"column\">\n\t\t\t<div class=\"elementor-widget-wrap elementor-element-populated\">\n\t\t\t\t\t\t\t\t<div class=\"elementor-element elementor-element-88fa5f9 elementor-flip-box--effect-fade elementor-widget elementor-widget-flip-box\" data-id=\"88fa5f9\" data-element_type=\"widget\" data-widget_type=\"flip-box.default\">\n\t\t\t\t<div class=\"elementor-widget-container\">\n\t\t\t\t\t<div class=\"elementor-flip-box\" tabindex=\"0\">\n\t\t\t<div class=\"elementor-flip-box__layer elementor-flip-box__front\">\n\t\t\t\t<div class=\"elementor-flip-box__layer__overlay\">\n\t\t\t\t\t<div class=\"elementor-flip-box__layer__inner\">\n\t\t\t\t\t\t\t\t\t\t\t\t\t<div class=\"elementor-icon-wrapper elementor-view-default\">\n\t\t\t\t\t\t\t\t<div class=\"elementor-icon\">\n\t\t\t\t\t\t\t\t\t\t\t\t\t\t\t\t\t<\/div>\n\t\t\t\t\t\t\t<\/div>\n\t\t\t\t\t\t\n\t\t\t\t\t\t\t\t\t\t\t\t\t<h3 class=\"elementor-flip-box__layer__title\">\n\t\t\t\t\t\t\t\tK\u00fclf\u00f6ldiekr\u0151l sz\u00f3l\u00f3 t\u00f6rv\u00e9ny\t\t\t\t\t\t\t<\/h3>\n\t\t\t\t\t\t\n\t\t\t\t\t\t\t\t\t\t\t<\/div>\n\t\t\t\t<\/div>\n\t\t\t<\/div>\n\t\t\t<div class=\"elementor-flip-box__layer elementor-flip-box__back\">\n\t\t\t<div class=\"elementor-flip-box__layer__overlay\">\n\t\t\t\t<div class=\"elementor-flip-box__layer__inner\">\n\t\t\t\t\t\n\t\t\t\t\t\n\t\t\t\t\t\t\t\t\t\t\t<a class=\"elementor-flip-box__button elementor-button elementor-size-md\" href=\"https:\/\/mozga.at\/fremdenrecht\">\n\t\t\t\t\t\t\tTudjon meg t\u00f6bbet\t\t\t\t\t\t<\/a>\n\t\t\t\t\t\t\t\t<\/div>\n\t\t<\/div>\n\t\t<\/div>\n\t\t<\/div>\n\t\t\t\t<\/div>\n\t\t\t\t<\/div>\n\t\t\t\t\t<\/div>\n\t\t<\/div>\n\t\t\t\t\t\t\t<\/div>\n\t\t<\/section>\n\t\t\t\t\t\t\t<\/div>","protected":false},"excerpt":{"rendered":"<p>T\u00e4tigkeitsbereiche Als Rechtsanwalt mit Schwerpunkten im Strafrecht und Verwaltungsstrafrecht, Immobilienrecht, Unternehmensrecht, Familienrecht und Schadenersatzrecht biete ich Ihnen eine umfassende und individuelle Beratung sowie eine kompetente Vertretung in allen rechtlichen Angelegenheiten. Sowohl in gerichtlichen als auch au\u00dfergerichtlichen Verfahren stehe ich Ihnen zur Seite, um Ihre Interessen bestm\u00f6glich zu vertreten. \u00a0 Als Rechtsanwalt biete ich Ihnen kompetente [&hellip;]<\/p>","protected":false},"author":1,"featured_media":0,"parent":0,"menu_order":0,"comment_status":"closed","ping_status":"closed","template":"elementor_header_footer","meta":{"inline_featured_image":false,"footnotes":""},"class_list":["post-232","page","type-page","status-publish","hentry"],"_links":{"self":[{"href":"https:\/\/mozga.at\/hu\/wp-json\/wp\/v2\/pages\/232","targetHints":{"allow":["GET"]}}],"collection":[{"href":"https:\/\/mozga.at\/hu\/wp-json\/wp\/v2\/pages"}],"about":[{"href":"https:\/\/mozga.at\/hu\/wp-json\/wp\/v2\/types\/page"}],"author":[{"embeddable":true,"href":"https:\/\/mozga.at\/hu\/wp-json\/wp\/v2\/users\/1"}],"replies":[{"embeddable":true,"href":"https:\/\/mozga.at\/hu\/wp-json\/wp\/v2\/comments?post=232"}],"version-history":[{"count":59,"href":"https:\/\/mozga.at\/hu\/wp-json\/wp\/v2\/pages\/232\/revisions"}],"predecessor-version":[{"id":1536,"href":"https:\/\/mozga.at\/hu\/wp-json\/wp\/v2\/pages\/232\/revisions\/1536"}],"wp:attachment":[{"href":"https:\/\/mozga.at\/hu\/wp-json\/wp\/v2\/media?parent=232"}],"curies":[{"name":"wp","href":"https:\/\/api.w.org\/{rel}","templated":true}]}}